{"id":14998,"date":"2025-06-26T13:05:01","date_gmt":"2025-06-26T06:05:01","guid":{"rendered":"https:\/\/isd.neu.edu.vn\/?page_id=14998"},"modified":"2025-06-26T13:05:26","modified_gmt":"2025-06-26T06:05:26","slug":"tuyen-sinh","status":"publish","type":"page","link":"https:\/\/isd.neu.edu.vn\/en\/tuyen-sinh\/","title":{"rendered":"Admission"},"content":{"rendered":"<div data-elementor-type=\"wp-page\" data-elementor-id=\"14998\" class=\"elementor elementor-14998\">\n\t\t\t\t<div class=\"elementor-element elementor-element-ce593fe e-flex e-con-boxed rt-default-class e-con e-parent\" data-id=\"ce593fe\" data-element_type=\"container\" data-settings=\"{&quot;background_background&quot;:&quot;classic&quot;}\">\n\t\t\t\t\t<div class=\"e-con-inner\">\n\t\t\t\t<div class=\"elementor-element elementor-element-4ccd3b1 rt-default-class elementor-widget elementor-widget-heading\" data-id=\"4ccd3b1\" data-element_type=\"widget\" data-widget_type=\"heading.default\">\n\t\t\t\t<div class=\"elementor-widget-container\">\n\t\t\t\t\t<h1 class=\"elementor-heading-title elementor-size-default\">Admission<\/h1>\t\t\t\t<\/div>\n\t\t\t\t<\/div>\n\t\t\t\t\t<\/div>\n\t\t\t\t<\/div>\n\t\t<div class=\"elementor-element elementor-element-ff18675 e-flex e-con-boxed rt-default-class e-con e-parent\" data-id=\"ff18675\" data-element_type=\"container\">\n\t\t\t\t\t<div class=\"e-con-inner\">\n\t\t\t\t<div class=\"elementor-element elementor-element-64eeaff rt-default-class elementor-widget elementor-widget-react-blog\" data-id=\"64eeaff\" data-element_type=\"widget\" data-widget_type=\"react-blog.default\">\n\t\t\t\t<div class=\"elementor-widget-container\">\n\t\t\t\t\t\t\t<div class=\"reactheme-blog-grid2x reactheme-blog-grid blog--style1\"> \r\n            <div class=\"row blog-gird-item\">\r\n\t\t\t \t<div class=\"grid-item rts-blog v_1 col-lg-6 col-md-12 col-sm-12 col-12 filter_dao-tao-e-phd filter_tuyen-sinh\">\n    <div class=\"rts-blog-post blog-v-full blog-item\">\n        <div class=\"single-blog-post\">\n                            <a aria-label=\"blog thumb\" href=\"https:\/\/isd.neu.edu.vn\/en\/thong-bao-tuyen-sinh-trinh-do-tien-si-nam-2026-khoa-47\/\" class=\"blog-thumb\">\n                    <img fetchpriority=\"high\" decoding=\"async\" width=\"640\" height=\"361\" src=\"https:\/\/isd.neu.edu.vn\/wp-content\/uploads\/2026\/03\/PhD-Enrollment-2026-768x433.jpg\" class=\"attachment-medium_large size-medium_large wp-post-image\" alt=\"\" srcset=\"https:\/\/isd.neu.edu.vn\/wp-content\/uploads\/2026\/03\/PhD-Enrollment-2026-768x433.jpg 768w, https:\/\/isd.neu.edu.vn\/wp-content\/uploads\/2026\/03\/PhD-Enrollment-2026-600x338.jpg 600w, https:\/\/isd.neu.edu.vn\/wp-content\/uploads\/2026\/03\/PhD-Enrollment-2026-18x10.jpg 18w, https:\/\/isd.neu.edu.vn\/wp-content\/uploads\/2026\/03\/PhD-Enrollment-2026.jpg 876w\" sizes=\"(max-width: 640px) 100vw, 640px\" \/>                <\/a>\n                        \n            <div class=\"blog-content\">\n                <div class=\"post-meta\">\n                                    <\/div>\n                <a aria-label=\"blog title\" href=\"https:\/\/isd.neu.edu.vn\/en\/thong-bao-tuyen-sinh-trinh-do-tien-si-nam-2026-khoa-47\/\" class=\"post-title\">\n                    Th\u00f4ng b\u00e1o tuy\u1ec3n sinh tr\u00ecnh \u0111\u1ed9 ti\u1ebfn s\u0129 n\u0103m 2026 (kh\u00f3a 47)                <\/a>\n            <\/div>\n        <\/div>\n    <\/div>\n<\/div><div class=\"grid-item rts-blog v_1 col-lg-6 col-md-12 col-sm-12 col-12 filter_tuyen-sinh\">\n    <div class=\"rts-blog-post blog-v-full blog-item\">\n        <div class=\"single-blog-post\">\n                            <a aria-label=\"blog thumb\" href=\"https:\/\/isd.neu.edu.vn\/en\/thong-bao-ve-nguong-dam-bao-chat-luong-dau-vao-va-quy-doi-tuong-duong-diem-trung-tuyen-giua-cac-phuong-thuc-xet-tuyen-dai-hoc-chinh-quy-nam-2025\/\" class=\"blog-thumb\">\n                    <img decoding=\"async\" width=\"512\" height=\"512\" src=\"https:\/\/isd.neu.edu.vn\/wp-content\/uploads\/2024\/09\/cropped-Logo-NEU.png\" class=\"attachment-medium_large size-medium_large wp-post-image\" alt=\"\" srcset=\"https:\/\/isd.neu.edu.vn\/wp-content\/uploads\/2024\/09\/cropped-Logo-NEU.png 512w, https:\/\/isd.neu.edu.vn\/wp-content\/uploads\/2024\/09\/cropped-Logo-NEU-300x300.png 300w, https:\/\/isd.neu.edu.vn\/wp-content\/uploads\/2024\/09\/cropped-Logo-NEU-280x280.png 280w, https:\/\/isd.neu.edu.vn\/wp-content\/uploads\/2024\/09\/cropped-Logo-NEU-80x80.png 80w, https:\/\/isd.neu.edu.vn\/wp-content\/uploads\/2024\/09\/cropped-Logo-NEU-270x270.png 270w, https:\/\/isd.neu.edu.vn\/wp-content\/uploads\/2024\/09\/cropped-Logo-NEU-192x192.png 192w, https:\/\/isd.neu.edu.vn\/wp-content\/uploads\/2024\/09\/cropped-Logo-NEU-180x180.png 180w, https:\/\/isd.neu.edu.vn\/wp-content\/uploads\/2024\/09\/cropped-Logo-NEU-32x32.png 32w\" sizes=\"(max-width: 512px) 100vw, 512px\" \/>                <\/a>\n                        \n            <div class=\"blog-content\">\n                <div class=\"post-meta\">\n                                    <\/div>\n                <a aria-label=\"blog title\" href=\"https:\/\/isd.neu.edu.vn\/en\/thong-bao-ve-nguong-dam-bao-chat-luong-dau-vao-va-quy-doi-tuong-duong-diem-trung-tuyen-giua-cac-phuong-thuc-xet-tuyen-dai-hoc-chinh-quy-nam-2025\/\" class=\"post-title\">\n                    Th\u00f4ng b\u00e1o v\u1ec1 ng\u01b0\u1ee1ng \u0111\u1ea3m b\u1ea3o ch\u1ea5t l\u01b0\u1ee3ng \u0111\u1ea7u v\u00e0o v\u00e0 quy \u0111\u1ed5i t\u01b0\u01a1ng \u0111\u01b0\u01a1ng \u0111i\u1ec3m tr\u00fang tuy\u1ec3n gi\u1eefa c\u00e1c ph\u01b0\u01a1ng th\u1ee9c x\u00e9t tuy\u1ec3n \u0111\u1ea1i h\u1ecdc ch\u00ednh quy n\u0103m 2025                <\/a>\n            <\/div>\n        <\/div>\n    <\/div>\n<\/div><div class=\"grid-item rts-blog v_1 col-lg-6 col-md-12 col-sm-12 col-12 filter_tuyen-sinh\">\n    <div class=\"rts-blog-post blog-v-full blog-item\">\n        <div class=\"single-blog-post\">\n                            <a aria-label=\"blog thumb\" href=\"https:\/\/isd.neu.edu.vn\/en\/thong-bao-ve-viec-huong-dan-thi-sinh-dang-ky-xet-tuyen-vao-dai-hoc-chinh-quy-nam-2025-cua-dhktqd-dang-ky-nguyen-vong-tren-he-thong-chung-cua-bo-gddt\/\" class=\"blog-thumb\">\n                    <img decoding=\"async\" width=\"582\" height=\"620\" src=\"https:\/\/isd.neu.edu.vn\/wp-content\/uploads\/2025\/06\/ephd-img-1.webp\" class=\"attachment-medium_large size-medium_large wp-post-image\" alt=\"\" srcset=\"https:\/\/isd.neu.edu.vn\/wp-content\/uploads\/2025\/06\/ephd-img-1.webp 582w, https:\/\/isd.neu.edu.vn\/wp-content\/uploads\/2025\/06\/ephd-img-1-563x600.webp 563w\" sizes=\"(max-width: 582px) 100vw, 582px\" \/>                <\/a>\n                        \n            <div class=\"blog-content\">\n                <div class=\"post-meta\">\n                                    <\/div>\n                <a aria-label=\"blog title\" href=\"https:\/\/isd.neu.edu.vn\/en\/thong-bao-ve-viec-huong-dan-thi-sinh-dang-ky-xet-tuyen-vao-dai-hoc-chinh-quy-nam-2025-cua-dhktqd-dang-ky-nguyen-vong-tren-he-thong-chung-cua-bo-gddt\/\" class=\"post-title\">\n                    Th\u00f4ng b\u00e1o v\u1ec1 vi\u1ec7c h\u01b0\u1edbng d\u1eabn th\u00ed sinh \u0111\u0103ng k\u00fd x\u00e9t tuy\u1ec3n v\u00e0o \u0111\u1ea1i h\u1ecdc ch\u00ednh quy n\u0103m 2025 c\u1ee7a \u0110HKTQD \u0111\u0103ng k\u00fd nguy\u1ec7n v\u1ecdng tr\u00ean h\u1ec7 th\u1ed1ng chung c\u1ee7a B\u1ed9 GD&amp;\u0110T                <\/a>\n            <\/div>\n        <\/div>\n    <\/div>\n<\/div><div class=\"grid-item rts-blog v_1 col-lg-6 col-md-12 col-sm-12 col-12 filter_tuyen-sinh\">\n    <div class=\"rts-blog-post blog-v-full blog-item\">\n        <div class=\"single-blog-post\">\n                            <a aria-label=\"blog thumb\" href=\"https:\/\/isd.neu.edu.vn\/en\/tuyen-sinh-chuong-trinh-quan-ly-dieu-hanh-cao-cap-toan-cau-neu-x-koica-gca-7\/\" class=\"blog-thumb\">\n                    <img loading=\"lazy\" decoding=\"async\" width=\"640\" height=\"537\" src=\"https:\/\/isd.neu.edu.vn\/wp-content\/uploads\/2025\/07\/Anh-Tuyen-sinh-Khoa-7-GLOBAL-CEO-768x644.jpg\" class=\"attachment-medium_large size-medium_large wp-post-image\" alt=\"\" srcset=\"https:\/\/isd.neu.edu.vn\/wp-content\/uploads\/2025\/07\/Anh-Tuyen-sinh-Khoa-7-GLOBAL-CEO-768x644.jpg 768w, https:\/\/isd.neu.edu.vn\/wp-content\/uploads\/2025\/07\/Anh-Tuyen-sinh-Khoa-7-GLOBAL-CEO-600x503.jpg 600w, https:\/\/isd.neu.edu.vn\/wp-content\/uploads\/2025\/07\/Anh-Tuyen-sinh-Khoa-7-GLOBAL-CEO-14x12.jpg 14w, https:\/\/isd.neu.edu.vn\/wp-content\/uploads\/2025\/07\/Anh-Tuyen-sinh-Khoa-7-GLOBAL-CEO.jpg 940w\" sizes=\"(max-width: 640px) 100vw, 640px\" \/>                <\/a>\n                        \n            <div class=\"blog-content\">\n                <div class=\"post-meta\">\n                                    <\/div>\n                <a aria-label=\"blog title\" href=\"https:\/\/isd.neu.edu.vn\/en\/tuyen-sinh-chuong-trinh-quan-ly-dieu-hanh-cao-cap-toan-cau-neu-x-koica-gca-7\/\" class=\"post-title\">\n                    TUY\u1ec2N SINH CH\u01af\u01a0NG TR\u00ccNH QU\u1ea2N L\u00dd \u0110I\u1ec0U H\u00c0NH CAO C\u1ea4P TO\u00c0N C\u1ea6U NEU x KOICA \u2013 GCA 7                <\/a>\n            <\/div>\n        <\/div>\n    <\/div>\n<\/div><div class=\"grid-item rts-blog v_1 col-lg-6 col-md-12 col-sm-12 col-12 filter_tuyen-sinh\">\n    <div class=\"rts-blog-post blog-v-full blog-item\">\n        <div class=\"single-blog-post\">\n                            <a aria-label=\"blog thumb\" href=\"https:\/\/isd.neu.edu.vn\/en\/thong-bao-chi-tieu-tuyen-sinh-trinh-do-tien-si-dot-2-nam-2025\/\" class=\"blog-thumb\">\n                    <img decoding=\"async\" width=\"512\" height=\"512\" src=\"https:\/\/isd.neu.edu.vn\/wp-content\/uploads\/2024\/09\/cropped-Logo-NEU.png\" class=\"attachment-medium_large size-medium_large wp-post-image\" alt=\"\" srcset=\"https:\/\/isd.neu.edu.vn\/wp-content\/uploads\/2024\/09\/cropped-Logo-NEU.png 512w, https:\/\/isd.neu.edu.vn\/wp-content\/uploads\/2024\/09\/cropped-Logo-NEU-300x300.png 300w, https:\/\/isd.neu.edu.vn\/wp-content\/uploads\/2024\/09\/cropped-Logo-NEU-280x280.png 280w, https:\/\/isd.neu.edu.vn\/wp-content\/uploads\/2024\/09\/cropped-Logo-NEU-80x80.png 80w, https:\/\/isd.neu.edu.vn\/wp-content\/uploads\/2024\/09\/cropped-Logo-NEU-270x270.png 270w, https:\/\/isd.neu.edu.vn\/wp-content\/uploads\/2024\/09\/cropped-Logo-NEU-192x192.png 192w, https:\/\/isd.neu.edu.vn\/wp-content\/uploads\/2024\/09\/cropped-Logo-NEU-180x180.png 180w, https:\/\/isd.neu.edu.vn\/wp-content\/uploads\/2024\/09\/cropped-Logo-NEU-32x32.png 32w\" sizes=\"(max-width: 512px) 100vw, 512px\" \/>                <\/a>\n                        \n            <div class=\"blog-content\">\n                <div class=\"post-meta\">\n                                    <\/div>\n                <a aria-label=\"blog title\" href=\"https:\/\/isd.neu.edu.vn\/en\/thong-bao-chi-tieu-tuyen-sinh-trinh-do-tien-si-dot-2-nam-2025\/\" class=\"post-title\">\n                    Th\u00f4ng b\u00e1o ch\u1ec9 ti\u00eau tuy\u1ec3n sinh tr\u00ecnh \u0111\u1ed9 ti\u1ebfn s\u0129 \u0111\u1ee3t 2 n\u0103m 2025                <\/a>\n            <\/div>\n        <\/div>\n    <\/div>\n<\/div><div class=\"grid-item rts-blog v_1 col-lg-6 col-md-12 col-sm-12 col-12 filter_dao-tao-e-phd filter_tin-tuc-su-kien filter_tuyen-sinh\">\n    <div class=\"rts-blog-post blog-v-full blog-item\">\n        <div class=\"single-blog-post\">\n                            <a aria-label=\"blog thumb\" href=\"https:\/\/isd.neu.edu.vn\/en\/thong-bao-tuyen-sinh-trinh-do-tien-si-nam-2025-khoa-46\/\" class=\"blog-thumb\">\n                    <img loading=\"lazy\" decoding=\"async\" width=\"640\" height=\"360\" src=\"https:\/\/isd.neu.edu.vn\/wp-content\/uploads\/2025\/06\/collegegraduation_052419istock-768x432.webp\" class=\"attachment-medium_large size-medium_large wp-post-image\" alt=\"\" srcset=\"https:\/\/isd.neu.edu.vn\/wp-content\/uploads\/2025\/06\/collegegraduation_052419istock-768x432.webp 768w, https:\/\/isd.neu.edu.vn\/wp-content\/uploads\/2025\/06\/collegegraduation_052419istock-300x169.webp 300w, https:\/\/isd.neu.edu.vn\/wp-content\/uploads\/2025\/06\/collegegraduation_052419istock.webp 980w\" sizes=\"(max-width: 640px) 100vw, 640px\" \/>                <\/a>\n                        \n            <div class=\"blog-content\">\n                <div class=\"post-meta\">\n                                    <\/div>\n                <a aria-label=\"blog title\" href=\"https:\/\/isd.neu.edu.vn\/en\/thong-bao-tuyen-sinh-trinh-do-tien-si-nam-2025-khoa-46\/\" class=\"post-title\">\n                    PhD Admission Announcement for 2025 (Cohort 46)                <\/a>\n            <\/div>\n        <\/div>\n    <\/div>\n<\/div>             \r\n                         \r\n                <\/div>                                 \r\n            \t    \r\n                \t\t\t\t<div class=\"reactheme-pagination-area\"><div class=\"nav-links\"><span aria-current=\"page\" class=\"page-numbers current\">1<\/span>\n<a class=\"page-numbers\" href=\"https:\/\/isd.neu.edu.vn\/en\/wp-json\/wp\/v2\/pages\/14998\/page\/2\/\">2<\/a>\n<a class=\"next page-numbers\" href=\"https:\/\/isd.neu.edu.vn\/en\/wp-json\/wp\/v2\/pages\/14998\/page\/2\/\">Next &raquo;<\/a><\/div><\/div>\r\n\t\t\t              \r\n\t\t<\/div>\r\n\t   \t\t\t\t<\/div>\n\t\t\t\t<\/div>\n\t\t\t\t\t<\/div>\n\t\t\t\t<\/div>\n\t\t\t\t<\/div>","protected":false},"excerpt":{"rendered":"<p>Tuy\u1ec3n sinh Th\u00f4ng b\u00e1o tuy\u1ec3n sinh tr\u00ecnh \u0111\u1ed9 ti\u1ebfn s\u0129 n\u0103m 2025 (kh\u00f3a 46) Tuy\u1ec3n sinh \u0111\u1ea1i h\u1ecdc 2025: \u0110i\u1ec3m tr\u00fang tuy\u1ec3n c\u00e1c n\u0103m tr\u01b0\u1edbc \u00edt gi\u00e1 tr\u1ecb tham kh\u1ea3o h\u01a1n Th\u00f4ng b\u00e1o \u0111i\u1ec1u ch\u1ec9nh ch\u1ec9 ti\u00eau v\u00e0 k\u1ebf ho\u1ea1ch tuy\u1ec3n sinh tr\u00ecnh \u0111\u1ed9 ti\u1ebfn s\u0129 \u0111\u1ee3t 2 n\u0103m 2024 Th\u00f4ng b\u00e1o tuy\u1ec3n sinh tr\u00ecnh&#8230;<\/p>","protected":false},"author":1,"featured_media":0,"parent":0,"menu_order":0,"comment_status":"closed","ping_status":"closed","template":"elementor_header_footer","meta":{"footnotes":""},"class_list":["post-14998","page","type-page","status-publish","hentry"],"_links":{"self":[{"href":"https:\/\/isd.neu.edu.vn\/en\/wp-json\/wp\/v2\/pages\/14998","targetHints":{"allow":["GET"]}}],"collection":[{"href":"https:\/\/isd.neu.edu.vn\/en\/wp-json\/wp\/v2\/pages"}],"about":[{"href":"https:\/\/isd.neu.edu.vn\/en\/wp-json\/wp\/v2\/types\/page"}],"author":[{"embeddable":true,"href":"https:\/\/isd.neu.edu.vn\/en\/wp-json\/wp\/v2\/users\/1"}],"replies":[{"embeddable":true,"href":"https:\/\/isd.neu.edu.vn\/en\/wp-json\/wp\/v2\/comments?post=14998"}],"version-history":[{"count":4,"href":"https:\/\/isd.neu.edu.vn\/en\/wp-json\/wp\/v2\/pages\/14998\/revisions"}],"predecessor-version":[{"id":15002,"href":"https:\/\/isd.neu.edu.vn\/en\/wp-json\/wp\/v2\/pages\/14998\/revisions\/15002"}],"wp:attachment":[{"href":"https:\/\/isd.neu.edu.vn\/en\/wp-json\/wp\/v2\/media?parent=14998"}],"curies":[{"name":"wp","href":"https:\/\/api.w.org\/{rel}","templated":true}]}}