{"id":14306,"date":"2025-06-09T23:37:27","date_gmt":"2025-06-09T16:37:27","guid":{"rendered":"https:\/\/isd.neu.edu.vn\/?page_id=14306"},"modified":"2025-07-14T16:26:30","modified_gmt":"2025-07-14T09:26:30","slug":"tin-tuc-su-kien","status":"publish","type":"page","link":"https:\/\/isd.neu.edu.vn\/en\/tin-tuc-su-kien\/","title":{"rendered":"Tin t\u1ee9c &#8211; S\u1ef1 ki\u1ec7n"},"content":{"rendered":"<div data-elementor-type=\"wp-page\" data-elementor-id=\"14306\" class=\"elementor elementor-14306\">\n\t\t\t\t<div class=\"elementor-element elementor-element-4bb4f06 e-flex e-con-boxed rt-default-class e-con e-parent\" data-id=\"4bb4f06\" data-element_type=\"container\" data-settings=\"{&quot;background_background&quot;:&quot;classic&quot;}\">\n\t\t\t\t\t<div class=\"e-con-inner\">\n\t\t\t\t<div class=\"elementor-element elementor-element-9cc8d3a rt-default-class elementor-widget elementor-widget-heading\" data-id=\"9cc8d3a\" data-element_type=\"widget\" data-widget_type=\"heading.default\">\n\t\t\t\t<div class=\"elementor-widget-container\">\n\t\t\t\t\t<h1 class=\"elementor-heading-title elementor-size-default\">Tin t\u1ee9c - S\u1ef1 ki\u1ec7n<\/h1>\t\t\t\t<\/div>\n\t\t\t\t<\/div>\n\t\t\t\t\t<\/div>\n\t\t\t\t<\/div>\n\t\t<div class=\"elementor-element elementor-element-ff18675 e-flex e-con-boxed rt-default-class e-con e-parent\" data-id=\"ff18675\" data-element_type=\"container\">\n\t\t\t\t\t<div class=\"e-con-inner\">\n\t\t\t\t<div class=\"elementor-element elementor-element-64eeaff rt-default-class elementor-widget elementor-widget-react-blog\" data-id=\"64eeaff\" data-element_type=\"widget\" data-widget_type=\"react-blog.default\">\n\t\t\t\t<div class=\"elementor-widget-container\">\n\t\t\t\t\t\t\t<div class=\"reactheme-blog-grid2x reactheme-blog-grid blog--style1\"> \r\n            <div class=\"row blog-gird-item\">\r\n\t\t\t \t<div class=\"grid-item rts-blog v_1 col-lg-6 col-md-12 col-sm-12 col-12 filter_tin-tuc-su-kien\">\n    <div class=\"rts-blog-post blog-v-full blog-item\">\n        <div class=\"single-blog-post\">\n                            <a aria-label=\"blog thumb\" href=\"https:\/\/isd.neu.edu.vn\/en\/e-phd-programme-seminar-with-assoc-prof-binyam\/\" class=\"blog-thumb\">\n                    <img fetchpriority=\"high\" decoding=\"async\" width=\"640\" height=\"453\" src=\"https:\/\/isd.neu.edu.vn\/wp-content\/uploads\/2025\/10\/82241706_10158484272425961_1832449935732113408_n-768x544.jpg\" class=\"attachment-medium_large size-medium_large wp-post-image\" alt=\"\" srcset=\"https:\/\/isd.neu.edu.vn\/wp-content\/uploads\/2025\/10\/82241706_10158484272425961_1832449935732113408_n-768x544.jpg 768w, https:\/\/isd.neu.edu.vn\/wp-content\/uploads\/2025\/10\/82241706_10158484272425961_1832449935732113408_n-600x425.jpg 600w, https:\/\/isd.neu.edu.vn\/wp-content\/uploads\/2025\/10\/82241706_10158484272425961_1832449935732113408_n-18x12.jpg 18w, https:\/\/isd.neu.edu.vn\/wp-content\/uploads\/2025\/10\/82241706_10158484272425961_1832449935732113408_n.jpg 960w\" sizes=\"(max-width: 640px) 100vw, 640px\" \/>                <\/a>\n                        \n            <div class=\"blog-content\">\n                <div class=\"post-meta\">\n                                    <\/div>\n                <a aria-label=\"blog title\" href=\"https:\/\/isd.neu.edu.vn\/en\/e-phd-programme-seminar-with-assoc-prof-binyam\/\" class=\"post-title\">\n                    E-PhD Programme Seminar with Assoc.Prof. Binyam                <\/a>\n            <\/div>\n        <\/div>\n    <\/div>\n<\/div><div class=\"grid-item rts-blog v_1 col-lg-6 col-md-12 col-sm-12 col-12 filter_dao-tao-e-phd filter_tin-tuc-su-kien\">\n    <div class=\"rts-blog-post blog-v-full blog-item\">\n        <div class=\"single-blog-post\">\n                            <a aria-label=\"blog thumb\" href=\"https:\/\/isd.neu.edu.vn\/en\/ncs-nguyen-minh-hoa-e-phd6-bao-ve-thanh-cong-luan-an-tien-si\/\" class=\"blog-thumb\">\n                    <img decoding=\"async\" width=\"640\" height=\"427\" src=\"https:\/\/isd.neu.edu.vn\/wp-content\/uploads\/2026\/04\/3251263771775373390-768x512.jpg\" class=\"attachment-medium_large size-medium_large wp-post-image\" alt=\"\" srcset=\"https:\/\/isd.neu.edu.vn\/wp-content\/uploads\/2026\/04\/3251263771775373390-768x512.jpg 768w, https:\/\/isd.neu.edu.vn\/wp-content\/uploads\/2026\/04\/3251263771775373390-600x400.jpg 600w, https:\/\/isd.neu.edu.vn\/wp-content\/uploads\/2026\/04\/3251263771775373390-2048x1365.jpg 2048w, https:\/\/isd.neu.edu.vn\/wp-content\/uploads\/2026\/04\/3251263771775373390-1536x1024.jpg 1536w, https:\/\/isd.neu.edu.vn\/wp-content\/uploads\/2026\/04\/3251263771775373390-18x12.jpg 18w\" sizes=\"(max-width: 640px) 100vw, 640px\" \/>                <\/a>\n                        \n            <div class=\"blog-content\">\n                <div class=\"post-meta\">\n                                    <\/div>\n                <a aria-label=\"blog title\" href=\"https:\/\/isd.neu.edu.vn\/en\/ncs-nguyen-minh-hoa-e-phd6-bao-ve-thanh-cong-luan-an-tien-si\/\" class=\"post-title\">\n                    NCS Nguy\u1ec5n Minh Ho\u00e0 (E-PhD6) b\u1ea3o v\u1ec7 th\u00e0nh c\u00f4ng lu\u1eadn \u00e1n ti\u1ebfn s\u0129.                <\/a>\n            <\/div>\n        <\/div>\n    <\/div>\n<\/div><div class=\"grid-item rts-blog v_1 col-lg-6 col-md-12 col-sm-12 col-12 filter_dao-tao-e-phd filter_tin-tuc-su-kien\">\n    <div class=\"rts-blog-post blog-v-full blog-item\">\n        <div class=\"single-blog-post\">\n                            <a aria-label=\"blog thumb\" href=\"https:\/\/isd.neu.edu.vn\/en\/nghien-cuu-sinh-dao-minh-hoang-chuyen-nganh-quan-tri-kinh-doanh-e-phd-da-bao-ve-thanh-cong-luan-an-tien-si\/\" class=\"blog-thumb\">\n                    <img decoding=\"async\" width=\"640\" height=\"480\" src=\"https:\/\/isd.neu.edu.vn\/wp-content\/uploads\/2026\/03\/tap-the-768x576.jpg\" class=\"attachment-medium_large size-medium_large wp-post-image\" alt=\"\" srcset=\"https:\/\/isd.neu.edu.vn\/wp-content\/uploads\/2026\/03\/tap-the-768x576.jpg 768w, https:\/\/isd.neu.edu.vn\/wp-content\/uploads\/2026\/03\/tap-the-600x450.jpg 600w, https:\/\/isd.neu.edu.vn\/wp-content\/uploads\/2026\/03\/tap-the-2048x1536.jpg 2048w, https:\/\/isd.neu.edu.vn\/wp-content\/uploads\/2026\/03\/tap-the-1536x1152.jpg 1536w, https:\/\/isd.neu.edu.vn\/wp-content\/uploads\/2026\/03\/tap-the-16x12.jpg 16w\" sizes=\"(max-width: 640px) 100vw, 640px\" \/>                <\/a>\n                        \n            <div class=\"blog-content\">\n                <div class=\"post-meta\">\n                                    <\/div>\n                <a aria-label=\"blog title\" href=\"https:\/\/isd.neu.edu.vn\/en\/nghien-cuu-sinh-dao-minh-hoang-chuyen-nganh-quan-tri-kinh-doanh-e-phd-da-bao-ve-thanh-cong-luan-an-tien-si\/\" class=\"post-title\">\n                    Nghi\u00ean c\u1ee9u sinh \u0110\u00e0o Minh Ho\u00e0ng, chuy\u00ean ng\u00e0nh Qu\u1ea3n tr\u1ecb Kinh doanh \u00a0(E-PhD) \u0111\u00e3 b\u1ea3o v\u1ec7 th\u00e0nh c\u00f4ng Lu\u1eadn \u00e1n ti\u1ebfn s\u0129                <\/a>\n            <\/div>\n        <\/div>\n    <\/div>\n<\/div><div class=\"grid-item rts-blog v_1 col-lg-6 col-md-12 col-sm-12 col-12 filter_dao-tao-e-phd filter_tin-tuc-su-kien\">\n    <div class=\"rts-blog-post blog-v-full blog-item\">\n        <div class=\"single-blog-post\">\n                            <a aria-label=\"blog thumb\" href=\"https:\/\/isd.neu.edu.vn\/en\/toa-dam-e-phd-chia-se-kinh-nghiem-cong-bo-quoc-te-tu-chuyen-gia-hang-dau-trong-linh-vuc-marketing\/\" class=\"blog-thumb\">\n                    <img loading=\"lazy\" decoding=\"async\" width=\"640\" height=\"480\" src=\"https:\/\/isd.neu.edu.vn\/wp-content\/uploads\/2026\/03\/19696077485628308314-768x576.jpg\" class=\"attachment-medium_large size-medium_large wp-post-image\" alt=\"\" srcset=\"https:\/\/isd.neu.edu.vn\/wp-content\/uploads\/2026\/03\/19696077485628308314-768x576.jpg 768w, https:\/\/isd.neu.edu.vn\/wp-content\/uploads\/2026\/03\/19696077485628308314-600x450.jpg 600w, https:\/\/isd.neu.edu.vn\/wp-content\/uploads\/2026\/03\/19696077485628308314-16x12.jpg 16w, https:\/\/isd.neu.edu.vn\/wp-content\/uploads\/2026\/03\/19696077485628308314.jpg 1280w\" sizes=\"(max-width: 640px) 100vw, 640px\" \/>                <\/a>\n                        \n            <div class=\"blog-content\">\n                <div class=\"post-meta\">\n                                    <\/div>\n                <a aria-label=\"blog title\" href=\"https:\/\/isd.neu.edu.vn\/en\/toa-dam-e-phd-chia-se-kinh-nghiem-cong-bo-quoc-te-tu-chuyen-gia-hang-dau-trong-linh-vuc-marketing\/\" class=\"post-title\">\n                    To\u1ea1 \u0111\u00e0m E-PhD: Chia s\u1ebb kinh nghi\u1ec7m c\u00f4ng b\u1ed1 qu\u1ed1c t\u1ebf t\u1eeb chuy\u00ean gia h\u00e0ng \u0111\u1ea7u trong l\u0129nh v\u1ef1c Marketing                <\/a>\n            <\/div>\n        <\/div>\n    <\/div>\n<\/div><div class=\"grid-item rts-blog v_1 col-lg-6 col-md-12 col-sm-12 col-12 filter_dao-tao-e-phd filter_tin-tuc-su-kien\">\n    <div class=\"rts-blog-post blog-v-full blog-item\">\n        <div class=\"single-blog-post\">\n                            <a aria-label=\"blog thumb\" href=\"https:\/\/isd.neu.edu.vn\/en\/ncs-nguyen-thi-thuy-ngan-e-phd6-bao-ve-thanh-cong-luan-an-tien-si\/\" class=\"blog-thumb\">\n                    <img loading=\"lazy\" decoding=\"async\" width=\"640\" height=\"426\" src=\"https:\/\/isd.neu.edu.vn\/wp-content\/uploads\/2026\/03\/a46c3edf5548db168259-768x511.jpg\" class=\"attachment-medium_large size-medium_large wp-post-image\" alt=\"\" srcset=\"https:\/\/isd.neu.edu.vn\/wp-content\/uploads\/2026\/03\/a46c3edf5548db168259-768x511.jpg 768w, https:\/\/isd.neu.edu.vn\/wp-content\/uploads\/2026\/03\/a46c3edf5548db168259-600x399.jpg 600w, https:\/\/isd.neu.edu.vn\/wp-content\/uploads\/2026\/03\/a46c3edf5548db168259-2048x1362.jpg 2048w, https:\/\/isd.neu.edu.vn\/wp-content\/uploads\/2026\/03\/a46c3edf5548db168259-1536x1021.jpg 1536w, https:\/\/isd.neu.edu.vn\/wp-content\/uploads\/2026\/03\/a46c3edf5548db168259-18x12.jpg 18w\" sizes=\"(max-width: 640px) 100vw, 640px\" \/>                <\/a>\n                        \n            <div class=\"blog-content\">\n                <div class=\"post-meta\">\n                                    <\/div>\n                <a aria-label=\"blog title\" href=\"https:\/\/isd.neu.edu.vn\/en\/ncs-nguyen-thi-thuy-ngan-e-phd6-bao-ve-thanh-cong-luan-an-tien-si\/\" class=\"post-title\">\n                    NCS Nguy\u1ec5n Th\u1ecb Th\u1ee7y Ng\u00e2n (E-PhD6) b\u1ea3o v\u1ec7 th\u00e0nh c\u00f4ng lu\u1eadn \u00e1n ti\u1ebfn s\u0129.                <\/a>\n            <\/div>\n        <\/div>\n    <\/div>\n<\/div><div class=\"grid-item rts-blog v_1 col-lg-6 col-md-12 col-sm-12 col-12 filter_dao-tao-e-phd filter_tin-tuc-su-kien\">\n    <div class=\"rts-blog-post blog-v-full blog-item\">\n        <div class=\"single-blog-post\">\n                            <a aria-label=\"blog thumb\" href=\"https:\/\/isd.neu.edu.vn\/en\/link-tra-cuu-cac-tap-chi-co-uy-tin\/\" class=\"blog-thumb\">\n                    <img fetchpriority=\"high\" decoding=\"async\" width=\"640\" height=\"453\" src=\"https:\/\/isd.neu.edu.vn\/wp-content\/uploads\/2025\/10\/82241706_10158484272425961_1832449935732113408_n-768x544.jpg\" class=\"attachment-medium_large size-medium_large wp-post-image\" alt=\"\" srcset=\"https:\/\/isd.neu.edu.vn\/wp-content\/uploads\/2025\/10\/82241706_10158484272425961_1832449935732113408_n-768x544.jpg 768w, https:\/\/isd.neu.edu.vn\/wp-content\/uploads\/2025\/10\/82241706_10158484272425961_1832449935732113408_n-600x425.jpg 600w, https:\/\/isd.neu.edu.vn\/wp-content\/uploads\/2025\/10\/82241706_10158484272425961_1832449935732113408_n-18x12.jpg 18w, https:\/\/isd.neu.edu.vn\/wp-content\/uploads\/2025\/10\/82241706_10158484272425961_1832449935732113408_n.jpg 960w\" sizes=\"(max-width: 640px) 100vw, 640px\" \/>                <\/a>\n                        \n            <div class=\"blog-content\">\n                <div class=\"post-meta\">\n                                    <\/div>\n                <a aria-label=\"blog title\" href=\"https:\/\/isd.neu.edu.vn\/en\/link-tra-cuu-cac-tap-chi-co-uy-tin\/\" class=\"post-title\">\n                    Link tra c\u1ee9u c\u00e1c t\u1ea1p ch\u00ed c\u00f3 uy t\u00edn                <\/a>\n            <\/div>\n        <\/div>\n    <\/div>\n<\/div>             \r\n                         \r\n                <\/div>                                 \r\n            \t    \r\n                \t\t\t\t<div class=\"reactheme-pagination-area\"><div class=\"nav-links\"><span aria-current=\"page\" class=\"page-numbers current\">1<\/span>\n<a class=\"page-numbers\" href=\"https:\/\/isd.neu.edu.vn\/en\/wp-json\/wp\/v2\/pages\/14306\/page\/2\/\">2<\/a>\n<a class=\"page-numbers\" href=\"https:\/\/isd.neu.edu.vn\/en\/wp-json\/wp\/v2\/pages\/14306\/page\/3\/\">3<\/a>\n<span class=\"page-numbers dots\">&hellip;<\/span>\n<a class=\"page-numbers\" href=\"https:\/\/isd.neu.edu.vn\/en\/wp-json\/wp\/v2\/pages\/14306\/page\/25\/\">25<\/a>\n<a class=\"next page-numbers\" href=\"https:\/\/isd.neu.edu.vn\/en\/wp-json\/wp\/v2\/pages\/14306\/page\/2\/\">Next &raquo;<\/a><\/div><\/div>\r\n\t\t\t              \r\n\t\t<\/div>\r\n\t   \t\t\t\t<\/div>\n\t\t\t\t<\/div>\n\t\t\t\t\t<\/div>\n\t\t\t\t<\/div>\n\t\t\t\t<\/div>","protected":false},"excerpt":{"rendered":"<p>Tin t\u1ee9c &#8211; S\u1ef1 ki\u1ec7n H\u1ed9i ngh\u1ecb \u0110i\u1ec3n h\u00ecnh ti\u00ean ti\u1ebfn giai \u0111o\u1ea1n 2020-2025 t\u1ea1i \u0110H Kinh t\u1ebf Qu\u1ed1c d\u00e2n NCS Nguy\u1ec5n Thu H\u01b0\u01a1ng, chuy\u00ean ng\u00e0nh Kinh t\u1ebf h\u1ecdc (ch\u01b0\u01a1ng tr\u00ecnh E-PhD) b\u1ea3o v\u1ec7 th\u00e0nh c\u00f4ng Lu\u1eadn \u00e1n ti\u1ebfn s\u0129 NCS Nguy\u1ec5n B\u1ea3o Ng\u1ecdc, chuy\u00ean ng\u00e0nh Kinh t\u1ebf h\u1ecdc (ch\u01b0\u01a1ng tr\u00ecnh E-PhD) b\u1ea3o v\u1ec7 th\u00e0nh&#8230;<\/p>","protected":false},"author":1,"featured_media":0,"parent":0,"menu_order":0,"comment_status":"closed","ping_status":"closed","template":"elementor_header_footer","meta":{"footnotes":""},"class_list":["post-14306","page","type-page","status-publish","hentry"],"_links":{"self":[{"href":"https:\/\/isd.neu.edu.vn\/en\/wp-json\/wp\/v2\/pages\/14306","targetHints":{"allow":["GET"]}}],"collection":[{"href":"https:\/\/isd.neu.edu.vn\/en\/wp-json\/wp\/v2\/pages"}],"about":[{"href":"https:\/\/isd.neu.edu.vn\/en\/wp-json\/wp\/v2\/types\/page"}],"author":[{"embeddable":true,"href":"https:\/\/isd.neu.edu.vn\/en\/wp-json\/wp\/v2\/users\/1"}],"replies":[{"embeddable":true,"href":"https:\/\/isd.neu.edu.vn\/en\/wp-json\/wp\/v2\/comments?post=14306"}],"version-history":[{"count":19,"href":"https:\/\/isd.neu.edu.vn\/en\/wp-json\/wp\/v2\/pages\/14306\/revisions"}],"predecessor-version":[{"id":15243,"href":"https:\/\/isd.neu.edu.vn\/en\/wp-json\/wp\/v2\/pages\/14306\/revisions\/15243"}],"wp:attachment":[{"href":"https:\/\/isd.neu.edu.vn\/en\/wp-json\/wp\/v2\/media?parent=14306"}],"curies":[{"name":"wp","href":"https:\/\/api.w.org\/{rel}","templated":true}]}}