{"id":14304,"date":"2025-06-09T23:35:44","date_gmt":"2025-06-09T16:35:44","guid":{"rendered":"https:\/\/isd.neu.edu.vn\/?page_id=14304"},"modified":"2025-06-26T13:00:02","modified_gmt":"2025-06-26T06:00:02","slug":"de-tai-cac-cap","status":"publish","type":"page","link":"https:\/\/isd.neu.edu.vn\/en\/de-tai-cac-cap\/","title":{"rendered":"Multi-level Research Topics"},"content":{"rendered":"<div data-elementor-type=\"wp-page\" data-elementor-id=\"14304\" class=\"elementor elementor-14304\">\n\t\t\t\t<div class=\"elementor-element elementor-element-e3195e7 e-flex e-con-boxed rt-default-class e-con e-parent\" data-id=\"e3195e7\" data-element_type=\"container\" data-settings=\"{&quot;background_background&quot;:&quot;classic&quot;}\">\n\t\t\t\t\t<div class=\"e-con-inner\">\n\t\t\t\t<div class=\"elementor-element elementor-element-f0cfee0 rt-default-class elementor-widget elementor-widget-heading\" data-id=\"f0cfee0\" data-element_type=\"widget\" data-widget_type=\"heading.default\">\n\t\t\t\t<div class=\"elementor-widget-container\">\n\t\t\t\t\t<h1 class=\"elementor-heading-title elementor-size-default\">Multi-level Research Topics<\/h1>\t\t\t\t<\/div>\n\t\t\t\t<\/div>\n\t\t\t\t\t<\/div>\n\t\t\t\t<\/div>\n\t\t<div class=\"elementor-element elementor-element-ff18675 e-flex e-con-boxed rt-default-class e-con e-parent\" data-id=\"ff18675\" data-element_type=\"container\">\n\t\t\t\t\t<div class=\"e-con-inner\">\n\t\t\t\t<div class=\"elementor-element elementor-element-64eeaff rt-default-class elementor-widget elementor-widget-react-blog\" data-id=\"64eeaff\" data-element_type=\"widget\" data-widget_type=\"react-blog.default\">\n\t\t\t\t<div class=\"elementor-widget-container\">\n\t\t\t\t\t\t\t<div class=\"reactheme-blog-grid2x reactheme-blog-grid blog--style1\"> \r\n            <div class=\"row blog-gird-item\">\r\n\t\t\t \t<div class=\"grid-item rts-blog v_1 col-lg-6 col-md-12 col-sm-12 col-12 filter_de-tai-cac-cap\">\n    <div class=\"rts-blog-post blog-v-full blog-item\">\n        <div class=\"single-blog-post\">\n                        \n            <div class=\"blog-content\">\n                <div class=\"post-meta\">\n                                    <\/div>\n                <a aria-label=\"blog title\" href=\"https:\/\/isd.neu.edu.vn\/en\/de-tai-duoc-tai-tro-boi-quy-phat-trien-khoa-hoc-va-cong-nghe-quoc-gia-nofosted-hoan-thanh-nam-2019\/\" class=\"post-title\">\n                    Project funded by the National Foundation for Science and Technology Development (NAFOSTED) completed in 2019                <\/a>\n            <\/div>\n        <\/div>\n    <\/div>\n<\/div>             \r\n                         \r\n                <\/div>                                 \r\n            \t    \r\n                              \r\n\t\t<\/div>\r\n\t   \t\t\t\t<\/div>\n\t\t\t\t<\/div>\n\t\t\t\t\t<\/div>\n\t\t\t\t<\/div>\n\t\t\t\t<\/div>","protected":false},"excerpt":{"rendered":"<p>\u0110\u1ec1 t\u00e0i c\u00e1c c\u1ea5p \u0110\u1ec1 t\u00e0i \u0111\u01b0\u1ee3c t\u00e0i tr\u1ee3 b\u1edfi Qu\u1ef9 ph\u00e1t tri\u1ec3n khoa h\u1ecdc v\u00e0 c\u00f4ng ngh\u1ec7 Qu\u1ed1c gia (NOFOSTED) ho\u00e0n th\u00e0nh n\u0103m 2019<\/p>","protected":false},"author":1,"featured_media":0,"parent":0,"menu_order":0,"comment_status":"closed","ping_status":"closed","template":"elementor_header_footer","meta":{"footnotes":""},"class_list":["post-14304","page","type-page","status-publish","hentry"],"_links":{"self":[{"href":"https:\/\/isd.neu.edu.vn\/en\/wp-json\/wp\/v2\/pages\/14304","targetHints":{"allow":["GET"]}}],"collection":[{"href":"https:\/\/isd.neu.edu.vn\/en\/wp-json\/wp\/v2\/pages"}],"about":[{"href":"https:\/\/isd.neu.edu.vn\/en\/wp-json\/wp\/v2\/types\/page"}],"author":[{"embeddable":true,"href":"https:\/\/isd.neu.edu.vn\/en\/wp-json\/wp\/v2\/users\/1"}],"replies":[{"embeddable":true,"href":"https:\/\/isd.neu.edu.vn\/en\/wp-json\/wp\/v2\/comments?post=14304"}],"version-history":[{"count":16,"href":"https:\/\/isd.neu.edu.vn\/en\/wp-json\/wp\/v2\/pages\/14304\/revisions"}],"predecessor-version":[{"id":14994,"href":"https:\/\/isd.neu.edu.vn\/en\/wp-json\/wp\/v2\/pages\/14304\/revisions\/14994"}],"wp:attachment":[{"href":"https:\/\/isd.neu.edu.vn\/en\/wp-json\/wp\/v2\/media?parent=14304"}],"curies":[{"name":"wp","href":"https:\/\/api.w.org\/{rel}","templated":true}]}}