{"id":14302,"date":"2025-06-09T23:35:21","date_gmt":"2025-06-09T16:35:21","guid":{"rendered":"https:\/\/isd.neu.edu.vn\/?page_id=14302"},"modified":"2025-06-12T16:55:13","modified_gmt":"2025-06-12T09:55:13","slug":"du-an-tu-van","status":"publish","type":"page","link":"https:\/\/isd.neu.edu.vn\/en\/du-an-tu-van\/","title":{"rendered":"Consulting Projects"},"content":{"rendered":"<div data-elementor-type=\"wp-page\" data-elementor-id=\"14302\" class=\"elementor elementor-14302\">\n\t\t\t\t<div class=\"elementor-element elementor-element-0417f45 e-flex e-con-boxed rt-default-class e-con e-parent\" data-id=\"0417f45\" data-element_type=\"container\" data-settings=\"{&quot;background_background&quot;:&quot;classic&quot;}\">\n\t\t\t\t\t<div class=\"e-con-inner\">\n\t\t\t\t<div class=\"elementor-element elementor-element-118c9f4 rt-default-class elementor-widget elementor-widget-heading\" data-id=\"118c9f4\" data-element_type=\"widget\" data-widget_type=\"heading.default\">\n\t\t\t\t<div class=\"elementor-widget-container\">\n\t\t\t\t\t<h1 class=\"elementor-heading-title elementor-size-default\">Consulting Projects<\/h1>\t\t\t\t<\/div>\n\t\t\t\t<\/div>\n\t\t\t\t\t<\/div>\n\t\t\t\t<\/div>\n\t\t<div class=\"elementor-element elementor-element-ff18675 e-flex e-con-boxed rt-default-class e-con e-parent\" data-id=\"ff18675\" data-element_type=\"container\">\n\t\t\t\t\t<div class=\"e-con-inner\">\n\t\t\t\t<div class=\"elementor-element elementor-element-64eeaff rt-default-class elementor-widget elementor-widget-react-blog\" data-id=\"64eeaff\" data-element_type=\"widget\" data-widget_type=\"react-blog.default\">\n\t\t\t\t<div class=\"elementor-widget-container\">\n\t\t\t\t\t\t\t<div class=\"reactheme-blog-grid2x reactheme-blog-grid blog--style1\"> \r\n            <div class=\"row blog-gird-item\">\r\n\t\t\t \t<div class=\"grid-item rts-blog v_1 col-lg-6 col-md-12 col-sm-12 col-12 filter_du-an-tu-van\">\n    <div class=\"rts-blog-post blog-v-full blog-item\">\n        <div class=\"single-blog-post\">\n                            <a aria-label=\"blog thumb\" href=\"https:\/\/isd.neu.edu.vn\/en\/du-an-di-cu-noi-dia-o-dong-bang-song-hong-va-dong-bang-song-cuu-long-van-de-hien-nay-va-ham-y-chinh-sach\/\" class=\"blog-thumb\">\n                    <img fetchpriority=\"high\" decoding=\"async\" width=\"640\" height=\"480\" src=\"https:\/\/isd.neu.edu.vn\/wp-content\/uploads\/2026\/03\/Anh-Doan-phong-van-Di-cu-768x576.jpg\" class=\"attachment-medium_large size-medium_large wp-post-image\" alt=\"\" srcset=\"https:\/\/isd.neu.edu.vn\/wp-content\/uploads\/2026\/03\/Anh-Doan-phong-van-Di-cu-768x576.jpg 768w, https:\/\/isd.neu.edu.vn\/wp-content\/uploads\/2026\/03\/Anh-Doan-phong-van-Di-cu-600x450.jpg 600w, https:\/\/isd.neu.edu.vn\/wp-content\/uploads\/2026\/03\/Anh-Doan-phong-van-Di-cu-2048x1536.jpg 2048w, https:\/\/isd.neu.edu.vn\/wp-content\/uploads\/2026\/03\/Anh-Doan-phong-van-Di-cu-1536x1152.jpg 1536w, https:\/\/isd.neu.edu.vn\/wp-content\/uploads\/2026\/03\/Anh-Doan-phong-van-Di-cu-16x12.jpg 16w\" sizes=\"(max-width: 640px) 100vw, 640px\" \/>                <\/a>\n                        \n            <div class=\"blog-content\">\n                <div class=\"post-meta\">\n                                            <div class=\"rt-date\">\n                            <span><i class=\"rt-calendar-days\"><\/i><\/span>\n                            <span>March 19, 2026<\/span>\n                        <\/div>\n                                        <\/div>\n                <a aria-label=\"blog title\" href=\"https:\/\/isd.neu.edu.vn\/en\/du-an-di-cu-noi-dia-o-dong-bang-song-hong-va-dong-bang-song-cuu-long-van-de-hien-nay-va-ham-y-chinh-sach\/\" class=\"post-title\">\n                    D\u1ef1 \u00e1n: \u201cDi c\u01b0 n\u1ed9i \u0111\u1ecba \u1edf \u0110\u1ed3ng b\u1eb1ng s\u00f4ng H\u1ed3ng v\u00e0 \u0110\u1ed3ng b\u1eb1ng s\u00f4ng C\u1eedu Long: V\u1ea5n \u0111\u1ec1 hi\u1ec7n nay v\u00e0 h\u00e0m \u00fd ch\u00ednh s\u00e1ch\u201d                <\/a>\n            <\/div>\n        <\/div>\n    <\/div>\n<\/div><div class=\"grid-item rts-blog v_1 col-lg-6 col-md-12 col-sm-12 col-12 filter_du-an-tu-van filter_tin-tuc-su-kien\">\n    <div class=\"rts-blog-post blog-v-full blog-item\">\n        <div class=\"single-blog-post\">\n                            <a aria-label=\"blog thumb\" href=\"https:\/\/isd.neu.edu.vn\/en\/gioi-thieu-ve-bo-tai-lieu-ve-thuc-hanh-kinh-doanh-co-trach-nhiem\/\" class=\"blog-thumb\">\n                    <img decoding=\"async\" width=\"640\" height=\"896\" src=\"https:\/\/isd.neu.edu.vn\/wp-content\/uploads\/2025\/10\/Bia-So-tay-KD-co-trach-nhiem.jpg\" class=\"attachment-medium_large size-medium_large wp-post-image\" alt=\"\" srcset=\"https:\/\/isd.neu.edu.vn\/wp-content\/uploads\/2025\/10\/Bia-So-tay-KD-co-trach-nhiem.jpg 707w, https:\/\/isd.neu.edu.vn\/wp-content\/uploads\/2025\/10\/Bia-So-tay-KD-co-trach-nhiem-428x600.jpg 428w, https:\/\/isd.neu.edu.vn\/wp-content\/uploads\/2025\/10\/Bia-So-tay-KD-co-trach-nhiem-9x12.jpg 9w\" sizes=\"(max-width: 640px) 100vw, 640px\" \/>                <\/a>\n                        \n            <div class=\"blog-content\">\n                <div class=\"post-meta\">\n                                            <div class=\"rt-date\">\n                            <span><i class=\"rt-calendar-days\"><\/i><\/span>\n                            <span>May 17, 2024<\/span>\n                        <\/div>\n                                        <\/div>\n                <a aria-label=\"blog title\" href=\"https:\/\/isd.neu.edu.vn\/en\/gioi-thieu-ve-bo-tai-lieu-ve-thuc-hanh-kinh-doanh-co-trach-nhiem\/\" class=\"post-title\">\n                    Introduction to the Responsible Business Practices Training Materials                <\/a>\n            <\/div>\n        <\/div>\n    <\/div>\n<\/div><div class=\"grid-item rts-blog v_1 col-lg-6 col-md-12 col-sm-12 col-12 filter_du-an-tu-van\">\n    <div class=\"rts-blog-post blog-v-full blog-item\">\n        <div class=\"single-blog-post\">\n                            <a aria-label=\"blog thumb\" href=\"https:\/\/isd.neu.edu.vn\/en\/khoa-boi-duong-thuc-hanh-co-trach-nhiem-va-ra-soat-quyen-con-nguoi-cho-doanh-nghiep-nhat-ban-va-chuoi-cung-ung\/\" class=\"blog-thumb\">\n                    <img decoding=\"async\" width=\"640\" height=\"360\" src=\"https:\/\/isd.neu.edu.vn\/wp-content\/uploads\/2025\/06\/scott-graham-OQMZwNd3ThU-768x432.jpg\" class=\"attachment-medium_large size-medium_large wp-post-image\" alt=\"\" srcset=\"https:\/\/isd.neu.edu.vn\/wp-content\/uploads\/2025\/06\/scott-graham-OQMZwNd3ThU-768x432.jpg 768w, https:\/\/isd.neu.edu.vn\/wp-content\/uploads\/2025\/06\/scott-graham-OQMZwNd3ThU-600x338.jpg 600w, https:\/\/isd.neu.edu.vn\/wp-content\/uploads\/2025\/06\/scott-graham-OQMZwNd3ThU.jpg 1280w\" sizes=\"(max-width: 640px) 100vw, 640px\" \/>                <\/a>\n                        \n            <div class=\"blog-content\">\n                <div class=\"post-meta\">\n                                            <div class=\"rt-date\">\n                            <span><i class=\"rt-calendar-days\"><\/i><\/span>\n                            <span>October 7, 2022<\/span>\n                        <\/div>\n                                        <\/div>\n                <a aria-label=\"blog title\" href=\"https:\/\/isd.neu.edu.vn\/en\/khoa-boi-duong-thuc-hanh-co-trach-nhiem-va-ra-soat-quyen-con-nguoi-cho-doanh-nghiep-nhat-ban-va-chuoi-cung-ung\/\" class=\"post-title\">\n                    Training Course: \"Responsible Business Practices and Human Rights Due Diligence for Japanese Companies and Supply Chains\"                <\/a>\n            <\/div>\n        <\/div>\n    <\/div>\n<\/div>             \r\n                         \r\n                <\/div>                                 \r\n            \t    \r\n                              \r\n\t\t<\/div>\r\n\t   \t\t\t\t<\/div>\n\t\t\t\t<\/div>\n\t\t\t\t\t<\/div>\n\t\t\t\t<\/div>\n\t\t\t\t<\/div>","protected":false},"excerpt":{"rendered":"<p>D\u1ef1 \u00e1n t\u01b0 v\u1ea5n May 7, 2024 Gi\u1edbi thi\u1ec7u v\u1ec1 b\u1ed9 t\u00e0i li\u1ec7u V\u1ec1 Th\u1ef1c h\u00e0nh kinh doanh c\u00f3 tr\u00e1ch nhi\u1ec7m October 7, 2022 Kh\u00f3a b\u1ed3i d\u01b0\u1ee1ng: \u201cTh\u1ef1c h\u00e0nh c\u00f3 tr\u00e1ch nhi\u1ec7m v\u00e0 R\u00e0 so\u00e1t quy\u1ec1n con ng\u01b0\u1eddi cho doanh nghi\u1ec7p Nh\u1eadt B\u1ea3n v\u00e0 chu\u1ed7i cung \u1ee9ng\u201d<\/p>","protected":false},"author":1,"featured_media":0,"parent":0,"menu_order":0,"comment_status":"closed","ping_status":"closed","template":"elementor_header_footer","meta":{"footnotes":""},"class_list":["post-14302","page","type-page","status-publish","hentry"],"_links":{"self":[{"href":"https:\/\/isd.neu.edu.vn\/en\/wp-json\/wp\/v2\/pages\/14302","targetHints":{"allow":["GET"]}}],"collection":[{"href":"https:\/\/isd.neu.edu.vn\/en\/wp-json\/wp\/v2\/pages"}],"about":[{"href":"https:\/\/isd.neu.edu.vn\/en\/wp-json\/wp\/v2\/types\/page"}],"author":[{"embeddable":true,"href":"https:\/\/isd.neu.edu.vn\/en\/wp-json\/wp\/v2\/users\/1"}],"replies":[{"embeddable":true,"href":"https:\/\/isd.neu.edu.vn\/en\/wp-json\/wp\/v2\/comments?post=14302"}],"version-history":[{"count":10,"href":"https:\/\/isd.neu.edu.vn\/en\/wp-json\/wp\/v2\/pages\/14302\/revisions"}],"predecessor-version":[{"id":14603,"href":"https:\/\/isd.neu.edu.vn\/en\/wp-json\/wp\/v2\/pages\/14302\/revisions\/14603"}],"wp:attachment":[{"href":"https:\/\/isd.neu.edu.vn\/en\/wp-json\/wp\/v2\/media?parent=14302"}],"curies":[{"name":"wp","href":"https:\/\/api.w.org\/{rel}","templated":true}]}}