{"id":13476,"date":"2025-06-04T16:37:22","date_gmt":"2025-06-04T09:37:22","guid":{"rendered":"https:\/\/isd.neu.edu.vn\/?page_id=13476"},"modified":"2025-07-14T09:30:24","modified_gmt":"2025-07-14T02:30:24","slug":"thac-sy-nghien-cuu","status":"publish","type":"page","link":"https:\/\/isd.neu.edu.vn\/en\/thac-sy-nghien-cuu\/","title":{"rendered":"Master of Research"},"content":{"rendered":"<div data-elementor-type=\"wp-page\" data-elementor-id=\"13476\" class=\"elementor elementor-13476\">\n\t\t\t\t<div class=\"elementor-element elementor-element-7dc7574 e-flex e-con-boxed rt-default-class e-con e-parent\" data-id=\"7dc7574\" data-element_type=\"container\" data-settings=\"{&quot;background_background&quot;:&quot;classic&quot;}\">\n\t\t\t\t\t<div class=\"e-con-inner\">\n\t\t<div class=\"elementor-element elementor-element-afe4b09 e-con-full e-flex rt-default-class e-con e-child\" data-id=\"afe4b09\" data-element_type=\"container\">\n\t\t\t\t<div class=\"elementor-element elementor-element-4a93ed3 elementor-widget__width-initial rt-default-class elementor-widget elementor-widget-heading\" data-id=\"4a93ed3\" data-element_type=\"widget\" data-widget_type=\"heading.default\">\n\t\t\t\t<div class=\"elementor-widget-container\">\n\t\t\t\t\t<h1 class=\"elementor-heading-title elementor-size-default\">Research Skills Development Program for Faculty Members<\/h1>\t\t\t\t<\/div>\n\t\t\t\t<\/div>\n\t\t\t\t<div class=\"elementor-element elementor-element-d640f46 elementor-widget__width-initial rt-default-class elementor-widget elementor-widget-text-editor\" data-id=\"d640f46\" data-element_type=\"widget\" data-widget_type=\"text-editor.default\">\n\t\t\t\t<div class=\"elementor-widget-container\">\n\t\t\t\t\t\t\t\t\t<p>The \"Research Skills Development Program for Faculty Members\" is designed to enhance the research capabilities and international publication skills of faculty members from universities and institutes in the fields of economics, business administration, and management.<\/p><p>The program combines theoretical knowledge with practical application, covering research design skills, statistical software usage (SPSS, STATA), and sharing experiences on the publication process in prestigious international journals.<\/p>\t\t\t\t\t\t\t\t<\/div>\n\t\t\t\t<\/div>\n\t\t\t\t<\/div>\n\t\t\t\t\t<\/div>\n\t\t\t\t<\/div>\n\t\t<div class=\"elementor-element elementor-element-74223b5 e-flex e-con-boxed rt-default-class e-con e-parent\" data-id=\"74223b5\" data-element_type=\"container\">\n\t\t\t\t\t<div class=\"e-con-inner\">\n\t\t<div class=\"elementor-element elementor-element-118f7f3 e-con-full e-flex rt-default-class e-con e-child\" data-id=\"118f7f3\" data-element_type=\"container\">\n\t\t<div class=\"elementor-element elementor-element-e022070 e-con-full e-flex rt-default-class e-con e-child\" data-id=\"e022070\" data-element_type=\"container\">\n\t\t\t\t<div class=\"elementor-element elementor-element-656aa12 rt-default-class elementor-widget elementor-widget-heading\" data-id=\"656aa12\" data-element_type=\"widget\" data-widget_type=\"heading.default\">\n\t\t\t\t<div class=\"elementor-widget-container\">\n\t\t\t\t\t<h2 class=\"elementor-heading-title elementor-size-default\">I. Context &amp; Urgency<\/h2>\t\t\t\t<\/div>\n\t\t\t\t<\/div>\n\t\t\t\t<div class=\"elementor-element elementor-element-0d71871 rt-default-class elementor-widget elementor-widget-text-editor\" data-id=\"0d71871\" data-element_type=\"widget\" data-widget_type=\"text-editor.default\">\n\t\t\t\t<div class=\"elementor-widget-container\">\n\t\t\t\t\t\t\t\t\t<p>In the current higher education landscape, reforming teaching methodologies and enhancing research quality have become top priorities for universities, institutes, and research centers. The ranking of a university is increasingly evaluated through the research capacity and ability of its faculty to participate in international standard research activities. Universities with numerous internationally published research works and faculty actively participating in international research groups are typically recognized and highly regarded on the global stage.<\/p><p>The research capacity of faculty members is clearly demonstrated through published academic works, particularly those appearing in prestigious international journals. International research publications are not only important factors for doctoral training but also necessary conditions for participating in international research projects and serve as crucial criteria in university ranking and evaluation. Beyond enhancing personal and institutional reputation, developing research skills also contributes significantly to improving teaching quality and enhancing faculty members' professional consulting capabilities.<\/p><p>This training program is designed to support faculty members from universities in the fields of economics, business administration, and management in developing their research skills and capabilities comprehensively.<\/p>\t\t\t\t\t\t\t\t<\/div>\n\t\t\t\t<\/div>\n\t\t\t\t<\/div>\n\t\t<div class=\"elementor-element elementor-element-90b9e6b e-con-full e-flex rt-default-class e-con e-child\" data-id=\"90b9e6b\" data-element_type=\"container\">\n\t\t\t\t<div class=\"elementor-element elementor-element-375a6f6 rt-default-class elementor-widget elementor-widget-heading\" data-id=\"375a6f6\" data-element_type=\"widget\" data-widget_type=\"heading.default\">\n\t\t\t\t<div class=\"elementor-widget-container\">\n\t\t\t\t\t<h2 class=\"elementor-heading-title elementor-size-default\">II. Program Objectives<\/h2>\t\t\t\t<\/div>\n\t\t\t\t<\/div>\n\t\t\t\t<div class=\"elementor-element elementor-element-2fbcf91 rt-default-class elementor-widget elementor-widget-text-editor\" data-id=\"2fbcf91\" data-element_type=\"widget\" data-widget_type=\"text-editor.default\">\n\t\t\t\t<div class=\"elementor-widget-container\">\n\t\t\t\t\t\t\t\t\t<p class=\"whitespace-normal break-words\">The \"Research Skills Development Program for Faculty Members from Universities and Institutes in Economics, Business Administration, and Management\" is specifically designed for faculty teams from universities and institutes, with the objective of supporting participants to:<\/p><ol class=\"[&amp;:not(:last-child)_ul]:pb-1 [&amp;:not(:last-child)_ol]:pb-1 list-decimal space-y-1.5 pl-7\"><li class=\"whitespace-normal break-words translation-block\">Gain deep understanding of current research methodology limitations and grasp the requirements for research innovation in Economics, Management, and Business Administration;<\/li><li class=\"whitespace-normal break-words translation-block\">Clearly distinguish the differences in requirements between applied research (consulting) and academic research in economics and business administration;<\/li><li class=\"whitespace-normal break-words translation-block\">Master fundamental research processes and skills, including identifying research focus and framework, research design along with professional methods and skills;<\/li><li class=\"whitespace-normal break-words translation-block\">Proficiently apply common statistical tools on SPSS software and\/or econometric models and tools with STATA software;<\/li><li class=\"whitespace-normal break-words translation-block\">Exchange and learn from colleagues' experiences regarding the implementation of consulting research projects;<\/li><li class=\"whitespace-normal break-words translation-block\">Share experiences on the submission and publication process in peer-reviewed and ranked international journals (SSCI).<\/li><\/ol>\t\t\t\t\t\t\t\t<\/div>\n\t\t\t\t<\/div>\n\t\t\t\t<div class=\"elementor-element elementor-element-4468da8 rt-default-class elementor-widget elementor-widget-heading\" data-id=\"4468da8\" data-element_type=\"widget\" data-widget_type=\"heading.default\">\n\t\t\t\t<div class=\"elementor-widget-container\">\n\t\t\t\t\t<h3 class=\"elementor-heading-title elementor-size-default\">Benefits for Different Faculty Groups<\/h3>\t\t\t\t<\/div>\n\t\t\t\t<\/div>\n\t\t\t\t<div class=\"elementor-element elementor-element-9347b3d rt-default-class elementor-widget elementor-widget-text-editor\" data-id=\"9347b3d\" data-element_type=\"widget\" data-widget_type=\"text-editor.default\">\n\t\t\t\t<div class=\"elementor-widget-container\">\n\t\t\t\t\t\t\t\t\t<ul><li class=\"whitespace-normal break-words\"><strong>Faculty members who have not completed doctoral programs:<\/strong>\u00a0The program provides foundational skills to help participants understand how to effectively select topics and conduct research;<\/li><li class=\"whitespace-normal break-words\"><strong>Faculty members who have completed domestic doctoral degrees:<\/strong>\u00a0The program supplements knowledge and research skills according to international standards to enable research conduct and publication in international journals;<\/li><li class=\"whitespace-normal break-words\"><strong>Faculty members with foreign doctoral degrees:<\/strong>\u00a0The program creates opportunities to consolidate knowledge, exchange experiences, and build networks to continue development in research and publication fields.<\/li><\/ul>\t\t\t\t\t\t\t\t<\/div>\n\t\t\t\t<\/div>\n\t\t\t\t<\/div>\n\t\t<div class=\"elementor-element elementor-element-fc8c97c e-con-full e-flex rt-default-class e-con e-child\" data-id=\"fc8c97c\" data-element_type=\"container\">\n\t\t\t\t<div class=\"elementor-element elementor-element-82fba4a rt-default-class elementor-widget elementor-widget-heading\" data-id=\"82fba4a\" data-element_type=\"widget\" data-widget_type=\"heading.default\">\n\t\t\t\t<div class=\"elementor-widget-container\">\n\t\t\t\t\t<h2 class=\"elementor-heading-title elementor-size-default\">III. Training Methodology<\/h2>\t\t\t\t<\/div>\n\t\t\t\t<\/div>\n\t\t\t\t<div class=\"elementor-element elementor-element-0d734ae rt-default-class elementor-widget elementor-widget-text-editor\" data-id=\"0d734ae\" data-element_type=\"widget\" data-widget_type=\"text-editor.default\">\n\t\t\t\t<div class=\"elementor-widget-container\">\n\t\t\t\t\t\t\t\t\t<p class=\"whitespace-normal break-words\">The program applies active teaching methods, harmoniously combining basic theoretical instruction, practical experience sharing, and direct hands-on practice by participants. Participants will experience skills through real examples and situations from completed research projects or topics of interest to participants.<\/p><p class=\"whitespace-normal break-words\">During the learning process, participants will be guided in using popular statistical software such as SPSS and STATA with basic statistical tools. Participants will be divided into small groups to practice designing research on topics of group interest. The faculty team will accompany and advise participants throughout the research design process.<\/p>\t\t\t\t\t\t\t\t<\/div>\n\t\t\t\t<\/div>\n\t\t\t\t<\/div>\n\t\t<div class=\"elementor-element elementor-element-1486dd5 e-con-full e-flex rt-default-class e-con e-child\" data-id=\"1486dd5\" data-element_type=\"container\">\n\t\t\t\t<div class=\"elementor-element elementor-element-9bb4661 rt-default-class elementor-widget elementor-widget-heading\" data-id=\"9bb4661\" data-element_type=\"widget\" data-widget_type=\"heading.default\">\n\t\t\t\t<div class=\"elementor-widget-container\">\n\t\t\t\t\t<h2 class=\"elementor-heading-title elementor-size-default\">IV. Specialized Topics Content<\/h2>\t\t\t\t<\/div>\n\t\t\t\t<\/div>\n\t\t\t\t<div class=\"elementor-element elementor-element-5ecdc3a rt-default-class elementor-widget elementor-widget-text-editor\" data-id=\"5ecdc3a\" data-element_type=\"widget\" data-widget_type=\"text-editor.default\">\n\t\t\t\t<div class=\"elementor-widget-container\">\n\t\t\t\t\t\t\t\t\t<p class=\"whitespace-normal break-words\">The program provides core skills in research methodology and practical experience in both applied and academic research. Depending on specific needs, institutions may select appropriate specialized topics or propose customized training content design according to their unit's specific requirements.<\/p><p class=\"whitespace-normal break-words\">Below are the main specialized topics commonly included in the program:<\/p><ul><li class=\"whitespace-normal break-words\"><strong>Topic 1:<\/strong>\u00a0Overview of university faculty research activities<\/li><li class=\"whitespace-normal break-words\"><strong>Topic 2:<\/strong>\u00a0Research design<\/li><li class=\"whitespace-normal break-words\"><strong>Topic 3a:<\/strong>\u00a0Practice with basic statistical tools using SPSS software (suitable for Business Administration and Management fields)<\/li><li class=\"whitespace-normal break-words\"><strong>Topic 3b:<\/strong>\u00a0Econometric models and tools with STATA software (suitable for Economics field)<\/li><li class=\"whitespace-normal break-words\"><strong>Topic 4:<\/strong>\u00a0Reading, understanding, and presenting results from statistical analyses<\/li><li class=\"whitespace-normal break-words\"><strong>Topic 5:<\/strong>\u00a0Research design presentation and professional discussion<\/li><\/ul>\t\t\t\t\t\t\t\t<\/div>\n\t\t\t\t<\/div>\n\t\t\t\t<\/div>\n\t\t<div class=\"elementor-element elementor-element-5ce2bd3 e-con-full e-flex rt-default-class e-con e-child\" data-id=\"5ce2bd3\" data-element_type=\"container\">\n\t\t\t\t<div class=\"elementor-element elementor-element-aa84495 rt-default-class elementor-widget elementor-widget-heading\" data-id=\"aa84495\" data-element_type=\"widget\" data-widget_type=\"heading.default\">\n\t\t\t\t<div class=\"elementor-widget-container\">\n\t\t\t\t\t<h2 class=\"elementor-heading-title elementor-size-default\">V. Faculty Team &amp; Certification<\/h2>\t\t\t\t<\/div>\n\t\t\t\t<\/div>\n\t\t\t\t<div class=\"elementor-element elementor-element-df51145 rt-default-class elementor-widget elementor-widget-text-editor\" data-id=\"df51145\" data-element_type=\"widget\" data-widget_type=\"text-editor.default\">\n\t\t\t\t<div class=\"elementor-widget-container\">\n\t\t\t\t\t\t\t\t\t<p class=\"whitespace-normal break-words\">The faculty team consists of experts with systematic training abroad and extensive experience in both academic research (with numerous works published in SSCI-listed international journals) and applied research (having successfully completed many research contracts with domestic and international organizations). The program can also invite foreign experts to participate in teaching according to the needs of the registering unit.<\/p><p class=\"whitespace-normal break-words\">Upon program completion, participants will receive a Certificate signed by the Rector of the National Economics University.<\/p>\t\t\t\t\t\t\t\t<\/div>\n\t\t\t\t<\/div>\n\t\t\t\t<\/div>\n\t\t<div class=\"elementor-element elementor-element-f05b97b e-con-full e-flex rt-default-class e-con e-child\" data-id=\"f05b97b\" data-element_type=\"container\">\n\t\t\t\t<div class=\"elementor-element elementor-element-dd6df7d rt-default-class elementor-widget elementor-widget-heading\" data-id=\"dd6df7d\" data-element_type=\"widget\" data-widget_type=\"heading.default\">\n\t\t\t\t<div class=\"elementor-widget-container\">\n\t\t\t\t\t<h2 class=\"elementor-heading-title elementor-size-default\">VI. Contact Information<\/h2>\t\t\t\t<\/div>\n\t\t\t\t<\/div>\n\t\t\t\t<div class=\"elementor-element elementor-element-3c596c2 rt-default-class elementor-widget elementor-widget-text-editor\" data-id=\"3c596c2\" data-element_type=\"widget\" data-widget_type=\"text-editor.default\">\n\t\t\t\t<div class=\"elementor-widget-container\">\n\t\t\t\t\t\t\t\t\t<p class=\"whitespace-normal break-words\"><strong>Prof. Dr. Nguyen Van Thang (Director)<\/strong><\/p><p class=\"whitespace-normal break-words\"><strong>Institute for Sustainable Development \u2013 National Economics University<\/strong><\/p><ul><li class=\"whitespace-normal break-words\"><strong>Address:<\/strong>\u00a0207 Giai Phong Street, Hai Ba Trung District, Hanoi, Vietnam<\/li><li class=\"whitespace-normal break-words\"><strong>Phone:<\/strong>\u00a0024-36280280 (ext. 6549)<\/li><li class=\"whitespace-normal break-words\"><strong>Email:<\/strong>\u00a0<a class=\"underline\" href=\"mailto:thang.apim@yahoo.com\">thang.apim@yahoo.com<\/a><\/li><li>Website:\u00a0<a class=\"underline\" href=\"https:\/\/isd.neu.edu.vn\/en\/\">isd.neu.edu.vn<\/a><\/li><\/ul>\t\t\t\t\t\t\t\t<\/div>\n\t\t\t\t<\/div>\n\t\t\t\t<\/div>\n\t\t\t\t<\/div>\n\t\t<div class=\"elementor-element elementor-element-e07a9f2 e-con-full e-flex rt-default-class e-con e-child\" data-id=\"e07a9f2\" data-element_type=\"container\" data-settings=\"{&quot;background_background&quot;:&quot;classic&quot;}\">\n\t\t<div class=\"elementor-element elementor-element-d51911d e-con-full e-flex rt-default-class e-con e-child\" data-id=\"d51911d\" data-element_type=\"container\" data-settings=\"{&quot;background_background&quot;:&quot;classic&quot;}\">\n\t\t\t\t<div class=\"elementor-element elementor-element-99eed55 rt-default-class elementor-widget elementor-widget-heading\" data-id=\"99eed55\" data-element_type=\"widget\" data-widget_type=\"heading.default\">\n\t\t\t\t<div class=\"elementor-widget-container\">\n\t\t\t\t\t<div class=\"elementor-heading-title elementor-size-default\">Ch\u01b0\u01a1ng tr\u00ecnh li\u00ean quan<\/div>\t\t\t\t<\/div>\n\t\t\t\t<\/div>\n\t\t\t\t<div class=\"elementor-element elementor-element-7ea0c86 elementor-align-justify elementor-widget__width-inherit rt-default-class elementor-widget elementor-widget-button\" data-id=\"7ea0c86\" data-element_type=\"widget\" data-widget_type=\"button.default\">\n\t\t\t\t<div class=\"elementor-widget-container\">\n\t\t\t\t\t\t\t\t\t<div class=\"elementor-button-wrapper\">\n\t\t\t\t\t<a class=\"elementor-button elementor-button-link elementor-size-sm\" href=\"https:\/\/isd.neu.edu.vn\/en\/the-ceo-academy-of-korea-vietnam\/\">\n\t\t\t\t\t\t<span class=\"elementor-button-content-wrapper\">\n\t\t\t\t\t\t<span class=\"elementor-button-icon\">\n\t\t\t\t<i aria-hidden=\"true\" class=\"rt rt-arrow-right\"><\/i>\t\t\t<\/span>\n\t\t\t\t\t\t\t\t\t<span class=\"elementor-button-text\">CEO Academy<\/span>\n\t\t\t\t\t<\/span>\n\t\t\t\t\t<\/a>\n\t\t\t\t<\/div>\n\t\t\t\t\t\t\t\t<\/div>\n\t\t\t\t<\/div>\n\t\t\t\t<div class=\"elementor-element elementor-element-4d9e3d5 elementor-align-justify elementor-widget__width-inherit rt-default-class elementor-widget elementor-widget-button\" data-id=\"4d9e3d5\" data-element_type=\"widget\" data-widget_type=\"button.default\">\n\t\t\t\t<div class=\"elementor-widget-container\">\n\t\t\t\t\t\t\t\t\t<div class=\"elementor-button-wrapper\">\n\t\t\t\t\t<a class=\"elementor-button elementor-button-link elementor-size-sm\" href=\"\/en\/thac-sy-nghien-cuu-quan-ly\/\">\n\t\t\t\t\t\t<span class=\"elementor-button-content-wrapper\">\n\t\t\t\t\t\t<span class=\"elementor-button-icon\">\n\t\t\t\t<i aria-hidden=\"true\" class=\"rt rt-arrow-right\"><\/i>\t\t\t<\/span>\n\t\t\t\t\t\t\t\t\t<span class=\"elementor-button-text\">Master of Research in Management<\/span>\n\t\t\t\t\t<\/span>\n\t\t\t\t\t<\/a>\n\t\t\t\t<\/div>\n\t\t\t\t\t\t\t\t<\/div>\n\t\t\t\t<\/div>\n\t\t\t\t<div class=\"elementor-element elementor-element-a9673d3 elementor-align-justify elementor-widget__width-inherit rt-default-class elementor-widget elementor-widget-button\" data-id=\"a9673d3\" data-element_type=\"widget\" data-widget_type=\"button.default\">\n\t\t\t\t<div class=\"elementor-widget-container\">\n\t\t\t\t\t\t\t\t\t<div class=\"elementor-button-wrapper\">\n\t\t\t\t\t<a class=\"elementor-button elementor-button-link elementor-size-sm\" href=\"\/en\/dao-tao-ngan-han\/\">\n\t\t\t\t\t\t<span class=\"elementor-button-content-wrapper\">\n\t\t\t\t\t\t<span class=\"elementor-button-icon\">\n\t\t\t\t<i aria-hidden=\"true\" class=\"rt rt-arrow-right\"><\/i>\t\t\t<\/span>\n\t\t\t\t\t\t\t\t\t<span class=\"elementor-button-text\">Short-term Courses<\/span>\n\t\t\t\t\t<\/span>\n\t\t\t\t\t<\/a>\n\t\t\t\t<\/div>\n\t\t\t\t\t\t\t\t<\/div>\n\t\t\t\t<\/div>\n\t\t\t\t<div class=\"elementor-element elementor-element-fea25a3 elementor-align-justify elementor-widget__width-inherit rt-default-class elementor-widget elementor-widget-button\" data-id=\"fea25a3\" data-element_type=\"widget\" data-widget_type=\"button.default\">\n\t\t\t\t<div class=\"elementor-widget-container\">\n\t\t\t\t\t\t\t\t\t<div class=\"elementor-button-wrapper\">\n\t\t\t\t\t<a class=\"elementor-button elementor-button-link elementor-size-sm\" href=\"\/en\/e-phd\/\">\n\t\t\t\t\t\t<span class=\"elementor-button-content-wrapper\">\n\t\t\t\t\t\t<span class=\"elementor-button-icon\">\n\t\t\t\t<i aria-hidden=\"true\" class=\"rt rt-arrow-right\"><\/i>\t\t\t<\/span>\n\t\t\t\t\t\t\t\t\t<span class=\"elementor-button-text\">E-PhD Program<\/span>\n\t\t\t\t\t<\/span>\n\t\t\t\t\t<\/a>\n\t\t\t\t<\/div>\n\t\t\t\t\t\t\t\t<\/div>\n\t\t\t\t<\/div>\n\t\t\t\t<\/div>\n\t\t<div class=\"elementor-element elementor-element-01f5760 e-con-full rt-primary-color e-flex e-con e-child\" data-id=\"01f5760\" data-element_type=\"container\" data-settings=\"{&quot;background_background&quot;:&quot;classic&quot;}\">\n\t\t<div class=\"elementor-element elementor-element-17d7a7d e-con-full e-flex rt-default-class e-con e-child\" data-id=\"17d7a7d\" data-element_type=\"container\">\n\t\t\t\t<div class=\"elementor-element elementor-element-fe231dd rt-default-class elementor-widget elementor-widget-image\" data-id=\"fe231dd\" data-element_type=\"widget\" data-widget_type=\"image.default\">\n\t\t\t\t<div class=\"elementor-widget-container\">\n\t\t\t\t\t\t\t\t\t\t\t\t\t\t\t<img decoding=\"async\" width=\"328\" height=\"76\" src=\"https:\/\/isd.neu.edu.vn\/wp-content\/uploads\/2024\/09\/logo-text-2.png\" class=\"attachment-large size-large wp-image-14342\" alt=\"\" \/>\t\t\t\t\t\t\t\t\t\t\t\t\t\t\t<\/div>\n\t\t\t\t<\/div>\n\t\t\t\t<div class=\"elementor-element elementor-element-d5fabc7 rt-default-class elementor-widget elementor-widget-heading\" data-id=\"d5fabc7\" data-element_type=\"widget\" data-widget_type=\"heading.default\">\n\t\t\t\t<div class=\"elementor-widget-container\">\n\t\t\t\t\t<div class=\"elementor-heading-title elementor-size-default\">Contact info:<\/div>\t\t\t\t<\/div>\n\t\t\t\t<\/div>\n\t\t\t\t<div class=\"elementor-element elementor-element-36068a3 rt-default-class elementor-widget elementor-widget-text-editor\" data-id=\"36068a3\" data-element_type=\"widget\" data-widget_type=\"text-editor.default\">\n\t\t\t\t<div class=\"elementor-widget-container\">\n\t\t\t\t\t\t\t\t\t<ul><li>\u0110\u1ecba ch\u1ec9: Ph\u00f2ng 1503, Nh\u00e0 A1, \u0110\u1ea1i h\u1ecdc Kinh t\u1ebf Qu\u1ed1c d\u00e2n, 207 Gi\u1ea3i Ph\u00f3ng, H\u00e0 N\u1ed9i<\/li><li>Phone: (84) 024.36280280, ext. 6550; 6551<\/li><li>Email: isd@neu.edu.vn<\/li><\/ul>\t\t\t\t\t\t\t\t<\/div>\n\t\t\t\t<\/div>\n\t\t\t\t<\/div>\n\t\t\t\t<\/div>\n\t\t\t\t<\/div>\n\t\t\t\t\t<\/div>\n\t\t\t\t<\/div>\n\t\t\t\t<\/div>","protected":false},"excerpt":{"rendered":"<p>Ch\u01b0\u01a1ng tr\u00ecnh Ph\u00e1t tri\u1ec3n K\u1ef9 n\u0103ng Nghi\u00ean c\u1ee9u cho Gi\u1ea3ng vi\u00ean Ch\u01b0\u01a1ng tr\u00ecnh &#8220;Ph\u00e1t tri\u1ec3n k\u1ef9 n\u0103ng nghi\u00ean c\u1ee9u cho gi\u1ea3ng vi\u00ean&#8221; \u0111\u01b0\u1ee3c thi\u1ebft k\u1ebf nh\u1eb1m n\u00e2ng cao n\u0103ng l\u1ef1c nghi\u00ean c\u1ee9u khoa h\u1ecdc v\u00e0 k\u1ef9 n\u0103ng xu\u1ea5t b\u1ea3n qu\u1ed1c t\u1ebf cho \u0111\u1ed9i ng\u0169 gi\u1ea3ng vi\u00ean c\u00e1c tr\u01b0\u1eddng \u0111\u1ea1i h\u1ecdc, h\u1ecdc vi\u1ec7n thu\u1ed9c l\u0129nh v\u1ef1c&#8230;<\/p>","protected":false},"author":1,"featured_media":0,"parent":0,"menu_order":0,"comment_status":"closed","ping_status":"closed","template":"elementor_header_footer","meta":{"footnotes":""},"class_list":["post-13476","page","type-page","status-publish","hentry"],"_links":{"self":[{"href":"https:\/\/isd.neu.edu.vn\/en\/wp-json\/wp\/v2\/pages\/13476","targetHints":{"allow":["GET"]}}],"collection":[{"href":"https:\/\/isd.neu.edu.vn\/en\/wp-json\/wp\/v2\/pages"}],"about":[{"href":"https:\/\/isd.neu.edu.vn\/en\/wp-json\/wp\/v2\/types\/page"}],"author":[{"embeddable":true,"href":"https:\/\/isd.neu.edu.vn\/en\/wp-json\/wp\/v2\/users\/1"}],"replies":[{"embeddable":true,"href":"https:\/\/isd.neu.edu.vn\/en\/wp-json\/wp\/v2\/comments?post=13476"}],"version-history":[{"count":38,"href":"https:\/\/isd.neu.edu.vn\/en\/wp-json\/wp\/v2\/pages\/13476\/revisions"}],"predecessor-version":[{"id":15065,"href":"https:\/\/isd.neu.edu.vn\/en\/wp-json\/wp\/v2\/pages\/13476\/revisions\/15065"}],"wp:attachment":[{"href":"https:\/\/isd.neu.edu.vn\/en\/wp-json\/wp\/v2\/media?parent=13476"}],"curies":[{"name":"wp","href":"https:\/\/api.w.org\/{rel}","templated":true}]}}