{"id":13471,"date":"2025-06-04T16:20:48","date_gmt":"2025-06-04T09:20:48","guid":{"rendered":"https:\/\/isd.neu.edu.vn\/?page_id=13471"},"modified":"2025-07-14T09:32:46","modified_gmt":"2025-07-14T02:32:46","slug":"thac-sy-nghien-cuu-quan-ly","status":"publish","type":"page","link":"https:\/\/isd.neu.edu.vn\/en\/thac-sy-nghien-cuu-quan-ly\/","title":{"rendered":"Master of Research in Management"},"content":{"rendered":"<div data-elementor-type=\"wp-page\" data-elementor-id=\"13471\" class=\"elementor elementor-13471\">\n\t\t\t\t<div class=\"elementor-element elementor-element-66a084a e-flex e-con-boxed rt-default-class e-con e-parent\" data-id=\"66a084a\" data-element_type=\"container\" data-settings=\"{&quot;background_background&quot;:&quot;classic&quot;}\">\n\t\t\t\t\t<div class=\"e-con-inner\">\n\t\t<div class=\"elementor-element elementor-element-584df96 e-con-full e-flex rt-default-class e-con e-child\" data-id=\"584df96\" data-element_type=\"container\">\n\t\t\t\t<div class=\"elementor-element elementor-element-9182755 elementor-widget__width-initial rt-default-class elementor-widget elementor-widget-heading\" data-id=\"9182755\" data-element_type=\"widget\" data-widget_type=\"heading.default\">\n\t\t\t\t<div class=\"elementor-widget-container\">\n\t\t\t\t\t<h1 class=\"elementor-heading-title elementor-size-default\">Master of Research in Management Program<\/h1>\t\t\t\t<\/div>\n\t\t\t\t<\/div>\n\t\t\t\t<div class=\"elementor-element elementor-element-9787a6b elementor-widget__width-initial rt-default-class elementor-widget elementor-widget-text-editor\" data-id=\"9787a6b\" data-element_type=\"widget\" data-widget_type=\"text-editor.default\">\n\t\t\t\t<div class=\"elementor-widget-container\">\n\t\t\t\t\t\t\t\t\t<p>The Institute for Sustainable Development is proud to offer the Master of Management Research program, which falls under the Business Administration discipline. The program features content and structure similar to a traditional MBA but is designed with a research-intensive orientation. The entire program is delivered in Vietnamese and has been successfully implemented since 2011.<\/p>\t\t\t\t\t\t\t\t<\/div>\n\t\t\t\t<\/div>\n\t\t\t\t<\/div>\n\t\t\t\t\t<\/div>\n\t\t\t\t<\/div>\n\t\t<div class=\"elementor-element elementor-element-5ce7dbe e-flex e-con-boxed rt-default-class e-con e-parent\" data-id=\"5ce7dbe\" data-element_type=\"container\">\n\t\t\t\t\t<div class=\"e-con-inner\">\n\t\t<div class=\"elementor-element elementor-element-54d2857 e-con-full e-flex rt-default-class e-con e-child\" data-id=\"54d2857\" data-element_type=\"container\">\n\t\t<div class=\"elementor-element elementor-element-bfdd816 e-con-full e-flex rt-default-class e-con e-child\" data-id=\"bfdd816\" data-element_type=\"container\">\n\t\t\t\t<div class=\"elementor-element elementor-element-8e7632c rt-default-class elementor-widget elementor-widget-heading\" data-id=\"8e7632c\" data-element_type=\"widget\" data-widget_type=\"heading.default\">\n\t\t\t\t<div class=\"elementor-widget-container\">\n\t\t\t\t\t<h2 class=\"elementor-heading-title elementor-size-default\">I. Program Objectives<\/h2>\t\t\t\t<\/div>\n\t\t\t\t<\/div>\n\t\t\t\t<div class=\"elementor-element elementor-element-98b4a15 rt-default-class elementor-widget elementor-widget-text-editor\" data-id=\"98b4a15\" data-element_type=\"widget\" data-widget_type=\"text-editor.default\">\n\t\t\t\t<div class=\"elementor-widget-container\">\n\t\t\t\t\t\t\t\t\t<p>The program is designed to enhance management research capabilities and skills, supporting managers in making scientifically grounded decisions that align with practical realities. Simultaneously, the program equips researchers and consultants with the necessary tools to implement high-quality research projects.<\/p><p>Compared to traditional MBA programs, the Master of Management Research program places particular emphasis on building a solid theoretical foundation, enabling students to conduct high-quality research in specialized management fields. The program is especially suitable for university lecturers, research officers, program staff at non-governmental organizations or funded projects, research personnel in marketing, organizational and human resources fields, as well as management consulting specialists.<\/p>\t\t\t\t\t\t\t\t<\/div>\n\t\t\t\t<\/div>\n\t\t\t\t<div class=\"elementor-element elementor-element-0bbd637 rt-default-class elementor-widget elementor-widget-heading\" data-id=\"0bbd637\" data-element_type=\"widget\" data-widget_type=\"heading.default\">\n\t\t\t\t<div class=\"elementor-widget-container\">\n\t\t\t\t\t<h3 class=\"elementor-heading-title elementor-size-default\">Career Opportunities Upon Graduation<\/h3>\t\t\t\t<\/div>\n\t\t\t\t<\/div>\n\t\t\t\t<div class=\"elementor-element elementor-element-1161b53 rt-default-class elementor-widget elementor-widget-text-editor\" data-id=\"1161b53\" data-element_type=\"widget\" data-widget_type=\"text-editor.default\">\n\t\t\t\t<div class=\"elementor-widget-container\">\n\t\t\t\t\t\t\t\t\t<p class=\"whitespace-normal break-words\">Students who complete the Master of Management Research program will have significant advantages when pursuing doctoral research programs and can develop their careers in the following positions:<\/p><ul class=\"[&amp;:not(:last-child)_ul]:pb-1 [&amp;:not(:last-child)_ol]:pb-1 list-disc space-y-1.5 pl-7\"><li class=\"whitespace-normal break-words\">Lecturers at universities and colleges; Consulting specialists at consulting firms<\/li><li class=\"whitespace-normal break-words\">Research officers at institutes specializing in economics, management, and business administration<\/li><li class=\"whitespace-normal break-words\">Senior management personnel in marketing, organizational and human resources, and international relations<\/li><li class=\"whitespace-normal break-words\">Program officers at non-governmental organizations, funding organizations, and capacity-building projects<\/li><li class=\"whitespace-normal break-words\">Management personnel at organizations and enterprises<\/li><\/ul>\t\t\t\t\t\t\t\t<\/div>\n\t\t\t\t<\/div>\n\t\t\t\t<\/div>\n\t\t<div class=\"elementor-element elementor-element-2196326 e-con-full e-flex rt-default-class e-con e-child\" data-id=\"2196326\" data-element_type=\"container\">\n\t\t\t\t<div class=\"elementor-element elementor-element-a789c03 rt-default-class elementor-widget elementor-widget-heading\" data-id=\"a789c03\" data-element_type=\"widget\" data-widget_type=\"heading.default\">\n\t\t\t\t<div class=\"elementor-widget-container\">\n\t\t\t\t\t<h2 class=\"elementor-heading-title elementor-size-default\">II. Admission Requirements<\/h2>\t\t\t\t<\/div>\n\t\t\t\t<\/div>\n\t\t\t\t<div class=\"elementor-element elementor-element-137bf12 rt-default-class elementor-widget elementor-widget-text-editor\" data-id=\"137bf12\" data-element_type=\"widget\" data-widget_type=\"text-editor.default\">\n\t\t\t\t<div class=\"elementor-widget-container\">\n\t\t\t\t\t\t\t\t\t<p class=\"whitespace-normal break-words\">The Master of Management Research program welcomes:<\/p><ul class=\"[&amp;:not(:last-child)_ul]:pb-1 [&amp;:not(:last-child)_ol]:pb-1 list-disc space-y-1.5 pl-7\"><li class=\"whitespace-normal break-words\">University graduates<\/li><li class=\"whitespace-normal break-words\">Personnel currently working at organizations and enterprises<\/li><\/ul><p><em><strong>Requirements:<\/strong> \u0110\u00e1p \u1ee9ng \u0111\u1ea7y \u0111\u1ee7 y\u00eau c\u1ea7u v\u00e0o h\u1ecdc c\u00e1c ch\u01b0\u01a1ng tr\u00ecnh Th\u1ea1c s\u0129 Qu\u1ea3n tr\u1ecb Kinh doanh c\u1ee7a \u0110\u1ea1i h\u1ecdc Kinh t\u1ebf Qu\u1ed1c d\u00e2n.<\/em><\/p>\t\t\t\t\t\t\t\t<\/div>\n\t\t\t\t<\/div>\n\t\t\t\t<\/div>\n\t\t<div class=\"elementor-element elementor-element-77b2f94 e-con-full e-flex rt-default-class e-con e-child\" data-id=\"77b2f94\" data-element_type=\"container\">\n\t\t\t\t<div class=\"elementor-element elementor-element-29a0046 rt-default-class elementor-widget elementor-widget-heading\" data-id=\"29a0046\" data-element_type=\"widget\" data-widget_type=\"heading.default\">\n\t\t\t\t<div class=\"elementor-widget-container\">\n\t\t\t\t\t<h2 class=\"elementor-heading-title elementor-size-default\">III. Admission Timeline, Training Duration, and Degree Conferment<\/h2>\t\t\t\t<\/div>\n\t\t\t\t<\/div>\n\t\t\t\t<div class=\"elementor-element elementor-element-854a87b rt-default-class elementor-widget elementor-widget-text-editor\" data-id=\"854a87b\" data-element_type=\"widget\" data-widget_type=\"text-editor.default\">\n\t\t\t\t<div class=\"elementor-widget-container\">\n\t\t\t\t\t\t\t\t\t<ul><li class=\"whitespace-normal break-words\">Th\u1eddi gian tuy\u1ec3n sinh v\u00e0 \u0111\u00e0o t\u1ea1o \u0111\u01b0\u1ee3c th\u1ef1c hi\u1ec7n theo k\u1ebf ho\u1ea1ch tuy\u1ec3n sinh Sau \u0110\u1ea1i h\u1ecdc c\u1ee7a \u0110\u1ea1i h\u1ecdc Kinh t\u1ebf Qu\u1ed1c d\u00e2n (chi ti\u1ebft t\u1ea1i https:\/\/neu.edu.vn\/)<\/li><li class=\"whitespace-normal break-words\">Sau khi b\u1ea3o v\u1ec7 th\u00e0nh c\u00f4ng Lu\u1eadn v\u0103n Th\u1ea1c s\u0129, h\u1ecdc vi\u00ean s\u1ebd \u0111\u01b0\u1ee3c c\u1ea5p B\u1eb1ng Th\u1ea1c s\u0129 Qu\u1ea3n tr\u1ecb kinh doanh c\u1ee7a \u0110\u1ea1i h\u1ecdc Kinh t\u1ebf Qu\u1ed1c d\u00e2n v\u1edbi ghi ch\u00fa chuy\u00ean ng\u00e0nh Nghi\u00ean c\u1ee9u Qu\u1ea3n l\u00fd tr\u00ean b\u1ea3ng \u0111i\u1ec3m<\/li><\/ul>\t\t\t\t\t\t\t\t<\/div>\n\t\t\t\t<\/div>\n\t\t\t\t<\/div>\n\t\t<div class=\"elementor-element elementor-element-7e71d2b e-con-full e-flex rt-default-class e-con e-child\" data-id=\"7e71d2b\" data-element_type=\"container\">\n\t\t\t\t<div class=\"elementor-element elementor-element-97f7e54 rt-default-class elementor-widget elementor-widget-heading\" data-id=\"97f7e54\" data-element_type=\"widget\" data-widget_type=\"heading.default\">\n\t\t\t\t<div class=\"elementor-widget-container\">\n\t\t\t\t\t<h2 class=\"elementor-heading-title elementor-size-default\">IV. Curriculum<\/h2>\t\t\t\t<\/div>\n\t\t\t\t<\/div>\n\t\t\t\t<div class=\"elementor-element elementor-element-0da6466 rt-default-class elementor-widget elementor-widget-heading\" data-id=\"0da6466\" data-element_type=\"widget\" data-widget_type=\"heading.default\">\n\t\t\t\t<div class=\"elementor-widget-container\">\n\t\t\t\t\t<h3 class=\"elementor-heading-title elementor-size-default\">1. Elective Courses<\/h3>\t\t\t\t<\/div>\n\t\t\t\t<\/div>\n\t\t\t\t<div class=\"elementor-element elementor-element-3ff0cd3 rt-default-class elementor-widget elementor-widget-text-editor\" data-id=\"3ff0cd3\" data-element_type=\"widget\" data-widget_type=\"text-editor.default\">\n\t\t\t\t<div class=\"elementor-widget-container\">\n\t\t\t\t\t\t\t\t\t<ul><li class=\"whitespace-normal break-words\">Organizational Behavior<\/li><li class=\"whitespace-normal break-words\">Organizational Theory<\/li><li class=\"whitespace-normal break-words\">Entrepreneurship and Entrepreneurial Orientation<\/li><li class=\"whitespace-normal break-words\">Business Strategy in the Asia-Pacific Region<\/li><\/ul>\t\t\t\t\t\t\t\t<\/div>\n\t\t\t\t<\/div>\n\t\t\t\t<div class=\"elementor-element elementor-element-c9168aa rt-default-class elementor-widget elementor-widget-heading\" data-id=\"c9168aa\" data-element_type=\"widget\" data-widget_type=\"heading.default\">\n\t\t\t\t<div class=\"elementor-widget-container\">\n\t\t\t\t\t<h3 class=\"elementor-heading-title elementor-size-default\">2. Specialized Knowledge<\/h3>\t\t\t\t<\/div>\n\t\t\t\t<\/div>\n\t\t\t\t<div class=\"elementor-element elementor-element-c27f4d6 rt-default-class elementor-widget elementor-widget-text-editor\" data-id=\"c27f4d6\" data-element_type=\"widget\" data-widget_type=\"text-editor.default\">\n\t\t\t\t<div class=\"elementor-widget-container\">\n\t\t\t\t\t\t\t\t\t<ul><li class=\"whitespace-normal break-words\">Quantitative Research Methods in Management<\/li><li class=\"whitespace-normal break-words\">Qualitative Research Methods in Management<\/li><li class=\"whitespace-normal break-words\">Advanced Mathematical Statistics (for Management Research)<\/li><li class=\"whitespace-normal break-words\">Special Topics in Management Research<\/li><\/ul>\t\t\t\t\t\t\t\t<\/div>\n\t\t\t\t<\/div>\n\t\t\t\t<\/div>\n\t\t<div class=\"elementor-element elementor-element-11f8dc5 e-con-full e-flex rt-default-class e-con e-child\" data-id=\"11f8dc5\" data-element_type=\"container\">\n\t\t\t\t<div class=\"elementor-element elementor-element-2b20930 rt-default-class elementor-widget elementor-widget-heading\" data-id=\"2b20930\" data-element_type=\"widget\" data-widget_type=\"heading.default\">\n\t\t\t\t<div class=\"elementor-widget-container\">\n\t\t\t\t\t<h2 class=\"elementor-heading-title elementor-size-default\">V. Faculty<\/h2>\t\t\t\t<\/div>\n\t\t\t\t<\/div>\n\t\t\t\t<div class=\"elementor-element elementor-element-ed5f8b5 rt-default-class elementor-widget elementor-widget-text-editor\" data-id=\"ed5f8b5\" data-element_type=\"widget\" data-widget_type=\"text-editor.default\">\n\t\t\t\t<div class=\"elementor-widget-container\">\n\t\t\t\t\t\t\t\t\t<p>The program is taught by a high-quality faculty comprising professors, associate professors, and doctoral degree holders with extensive experience in management teaching and research, who have received systematic training at prestigious universities abroad.<\/p>\t\t\t\t\t\t\t\t<\/div>\n\t\t\t\t<\/div>\n\t\t\t\t<\/div>\n\t\t<div class=\"elementor-element elementor-element-75db2a8 e-con-full e-flex rt-default-class e-con e-child\" data-id=\"75db2a8\" data-element_type=\"container\">\n\t\t\t\t<div class=\"elementor-element elementor-element-5e1185e rt-default-class elementor-widget elementor-widget-heading\" data-id=\"5e1185e\" data-element_type=\"widget\" data-widget_type=\"heading.default\">\n\t\t\t\t<div class=\"elementor-widget-container\">\n\t\t\t\t\t<h2 class=\"elementor-heading-title elementor-size-default\">VI. Contact Information<\/h2>\t\t\t\t<\/div>\n\t\t\t\t<\/div>\n\t\t\t\t<div class=\"elementor-element elementor-element-dde9ade rt-default-class elementor-widget elementor-widget-text-editor\" data-id=\"dde9ade\" data-element_type=\"widget\" data-widget_type=\"text-editor.default\">\n\t\t\t\t<div class=\"elementor-widget-container\">\n\t\t\t\t\t\t\t\t\t<p class=\"whitespace-normal break-words\"><strong>Institute for Sustainable Development Office<\/strong><\/p><ul class=\"[&amp;:not(:last-child)_ul]:pb-1 [&amp;:not(:last-child)_ol]:pb-1 list-disc space-y-1.5 pl-7\"><li class=\"whitespace-normal break-words\">Address: Rooms 1501, 1505, Building 14, National Economics University<\/li><li class=\"whitespace-normal break-words\">Phone: 0243.6280280 \/ Extensions: 6550, 6551<\/li><li class=\"whitespace-normal break-words\">Email:\u00a0<a class=\"underline\" href=\"mailto:isd@neu.edu.vn\">isd@neu.edu.vn<\/a><\/li><li class=\"whitespace-normal break-words\">Website:\u00a0<a class=\"underline\" href=\"https:\/\/isd.neu.edu.vn\/en\/\">isd.neu.edu.vn<\/a><\/li><\/ul>\t\t\t\t\t\t\t\t<\/div>\n\t\t\t\t<\/div>\n\t\t\t\t<\/div>\n\t\t\t\t<\/div>\n\t\t<div class=\"elementor-element elementor-element-63100e1 e-con-full e-flex rt-default-class e-con e-child\" data-id=\"63100e1\" data-element_type=\"container\" data-settings=\"{&quot;background_background&quot;:&quot;classic&quot;}\">\n\t\t<div class=\"elementor-element elementor-element-1d6168b e-con-full e-flex rt-default-class e-con e-child\" data-id=\"1d6168b\" data-element_type=\"container\" data-settings=\"{&quot;background_background&quot;:&quot;classic&quot;}\">\n\t\t\t\t<div class=\"elementor-element elementor-element-069dfef rt-default-class elementor-widget elementor-widget-heading\" data-id=\"069dfef\" data-element_type=\"widget\" data-widget_type=\"heading.default\">\n\t\t\t\t<div class=\"elementor-widget-container\">\n\t\t\t\t\t<div class=\"elementor-heading-title elementor-size-default\">Ch\u01b0\u01a1ng tr\u00ecnh li\u00ean quan<\/div>\t\t\t\t<\/div>\n\t\t\t\t<\/div>\n\t\t\t\t<div class=\"elementor-element elementor-element-2763a36 elementor-align-justify elementor-widget__width-inherit rt-default-class elementor-widget elementor-widget-button\" data-id=\"2763a36\" data-element_type=\"widget\" data-widget_type=\"button.default\">\n\t\t\t\t<div class=\"elementor-widget-container\">\n\t\t\t\t\t\t\t\t\t<div class=\"elementor-button-wrapper\">\n\t\t\t\t\t<a class=\"elementor-button elementor-button-link elementor-size-sm\" href=\"https:\/\/isd.neu.edu.vn\/en\/the-ceo-academy-of-korea-vietnam\/\">\n\t\t\t\t\t\t<span class=\"elementor-button-content-wrapper\">\n\t\t\t\t\t\t<span class=\"elementor-button-icon\">\n\t\t\t\t<i aria-hidden=\"true\" class=\"rt rt-arrow-right\"><\/i>\t\t\t<\/span>\n\t\t\t\t\t\t\t\t\t<span class=\"elementor-button-text\">CEO Academy<\/span>\n\t\t\t\t\t<\/span>\n\t\t\t\t\t<\/a>\n\t\t\t\t<\/div>\n\t\t\t\t\t\t\t\t<\/div>\n\t\t\t\t<\/div>\n\t\t\t\t<div class=\"elementor-element elementor-element-9e41e68 elementor-align-justify elementor-widget__width-inherit rt-default-class elementor-widget elementor-widget-button\" data-id=\"9e41e68\" data-element_type=\"widget\" data-widget_type=\"button.default\">\n\t\t\t\t<div class=\"elementor-widget-container\">\n\t\t\t\t\t\t\t\t\t<div class=\"elementor-button-wrapper\">\n\t\t\t\t\t<a class=\"elementor-button elementor-button-link elementor-size-sm\" href=\"\/en\/thac-sy-nghien-cuu\/\">\n\t\t\t\t\t\t<span class=\"elementor-button-content-wrapper\">\n\t\t\t\t\t\t<span class=\"elementor-button-icon\">\n\t\t\t\t<i aria-hidden=\"true\" class=\"rt rt-arrow-right\"><\/i>\t\t\t<\/span>\n\t\t\t\t\t\t\t\t\t<span class=\"elementor-button-text\">Master of Research<\/span>\n\t\t\t\t\t<\/span>\n\t\t\t\t\t<\/a>\n\t\t\t\t<\/div>\n\t\t\t\t\t\t\t\t<\/div>\n\t\t\t\t<\/div>\n\t\t\t\t<div class=\"elementor-element elementor-element-499da3e elementor-align-justify elementor-widget__width-inherit rt-default-class elementor-widget elementor-widget-button\" data-id=\"499da3e\" data-element_type=\"widget\" data-widget_type=\"button.default\">\n\t\t\t\t<div class=\"elementor-widget-container\">\n\t\t\t\t\t\t\t\t\t<div class=\"elementor-button-wrapper\">\n\t\t\t\t\t<a class=\"elementor-button elementor-button-link elementor-size-sm\" href=\"\/en\/dao-tao-ngan-han\/\">\n\t\t\t\t\t\t<span class=\"elementor-button-content-wrapper\">\n\t\t\t\t\t\t<span class=\"elementor-button-icon\">\n\t\t\t\t<i aria-hidden=\"true\" class=\"rt rt-arrow-right\"><\/i>\t\t\t<\/span>\n\t\t\t\t\t\t\t\t\t<span class=\"elementor-button-text\">Short-term Courses<\/span>\n\t\t\t\t\t<\/span>\n\t\t\t\t\t<\/a>\n\t\t\t\t<\/div>\n\t\t\t\t\t\t\t\t<\/div>\n\t\t\t\t<\/div>\n\t\t\t\t<div class=\"elementor-element elementor-element-0405c3a elementor-align-justify elementor-widget__width-inherit rt-default-class elementor-widget elementor-widget-button\" data-id=\"0405c3a\" data-element_type=\"widget\" data-widget_type=\"button.default\">\n\t\t\t\t<div class=\"elementor-widget-container\">\n\t\t\t\t\t\t\t\t\t<div class=\"elementor-button-wrapper\">\n\t\t\t\t\t<a class=\"elementor-button elementor-button-link elementor-size-sm\" href=\"\/en\/e-phd\/\">\n\t\t\t\t\t\t<span class=\"elementor-button-content-wrapper\">\n\t\t\t\t\t\t<span class=\"elementor-button-icon\">\n\t\t\t\t<i aria-hidden=\"true\" class=\"rt rt-arrow-right\"><\/i>\t\t\t<\/span>\n\t\t\t\t\t\t\t\t\t<span class=\"elementor-button-text\">E-PhD Program<\/span>\n\t\t\t\t\t<\/span>\n\t\t\t\t\t<\/a>\n\t\t\t\t<\/div>\n\t\t\t\t\t\t\t\t<\/div>\n\t\t\t\t<\/div>\n\t\t\t\t<\/div>\n\t\t<div class=\"elementor-element elementor-element-3245e77 e-con-full rt-primary-color e-flex e-con e-child\" data-id=\"3245e77\" data-element_type=\"container\" data-settings=\"{&quot;background_background&quot;:&quot;classic&quot;}\">\n\t\t<div class=\"elementor-element elementor-element-7db4d5a e-con-full e-flex rt-default-class e-con e-child\" data-id=\"7db4d5a\" data-element_type=\"container\">\n\t\t\t\t<div class=\"elementor-element elementor-element-1f40802 rt-default-class elementor-widget elementor-widget-image\" data-id=\"1f40802\" data-element_type=\"widget\" data-widget_type=\"image.default\">\n\t\t\t\t<div class=\"elementor-widget-container\">\n\t\t\t\t\t\t\t\t\t\t\t\t\t\t\t<img decoding=\"async\" width=\"328\" height=\"76\" src=\"https:\/\/isd.neu.edu.vn\/wp-content\/uploads\/2024\/09\/logo-text-2.png\" class=\"attachment-large size-large wp-image-14342\" alt=\"\" \/>\t\t\t\t\t\t\t\t\t\t\t\t\t\t\t<\/div>\n\t\t\t\t<\/div>\n\t\t\t\t<div class=\"elementor-element elementor-element-1204508 rt-default-class elementor-widget elementor-widget-heading\" data-id=\"1204508\" data-element_type=\"widget\" data-widget_type=\"heading.default\">\n\t\t\t\t<div class=\"elementor-widget-container\">\n\t\t\t\t\t<div class=\"elementor-heading-title elementor-size-default\">Contact info:<\/div>\t\t\t\t<\/div>\n\t\t\t\t<\/div>\n\t\t\t\t<div class=\"elementor-element elementor-element-1f7334e rt-default-class elementor-widget elementor-widget-text-editor\" data-id=\"1f7334e\" data-element_type=\"widget\" data-widget_type=\"text-editor.default\">\n\t\t\t\t<div class=\"elementor-widget-container\">\n\t\t\t\t\t\t\t\t\t<ul><li>\u0110\u1ecba ch\u1ec9: Ph\u00f2ng 1503, Nh\u00e0 A1, \u0110\u1ea1i h\u1ecdc Kinh t\u1ebf Qu\u1ed1c d\u00e2n, 207 Gi\u1ea3i Ph\u00f3ng, H\u00e0 N\u1ed9i<\/li><li>Phone: (84) 024.36280280, ext. 6550; 6551<\/li><li>Email: isd@neu.edu.vn<\/li><\/ul>\t\t\t\t\t\t\t\t<\/div>\n\t\t\t\t<\/div>\n\t\t\t\t<\/div>\n\t\t\t\t<\/div>\n\t\t\t\t<\/div>\n\t\t\t\t\t<\/div>\n\t\t\t\t<\/div>\n\t\t\t\t<\/div>","protected":false},"excerpt":{"rendered":"<p>Ch\u01b0\u01a1ng tr\u00ecnh Th\u1ea1c s\u0129 Nghi\u00ean c\u1ee9u Qu\u1ea3n l\u00fd Vi\u1ec7n Ph\u00e1t tri\u1ec3n b\u1ec1n v\u1eefng t\u1ef1 h\u00e0o t\u1ed5 ch\u1ee9c ch\u01b0\u01a1ng tr\u00ecnh Th\u1ea1c s\u0129 Nghi\u00ean c\u1ee9u Qu\u1ea3n l\u00fd, thu\u1ed9c nh\u00f3m ng\u00e0nh Qu\u1ea3n tr\u1ecb Kinh doanh. Ch\u01b0\u01a1ng tr\u00ecnh mang n\u1ed9i dung v\u00e0 c\u1ea5u tr\u00fac t\u01b0\u01a1ng t\u1ef1 nh\u01b0 MBA truy\u1ec1n th\u1ed1ng nh\u01b0ng \u0111\u01b0\u1ee3c thi\u1ebft k\u1ebf theo \u0111\u1ecbnh h\u01b0\u1edbng nghi\u00ean c\u1ee9u&#8230;<\/p>","protected":false},"author":1,"featured_media":0,"parent":0,"menu_order":0,"comment_status":"closed","ping_status":"closed","template":"elementor_header_footer","meta":{"footnotes":""},"class_list":["post-13471","page","type-page","status-publish","hentry"],"_links":{"self":[{"href":"https:\/\/isd.neu.edu.vn\/en\/wp-json\/wp\/v2\/pages\/13471","targetHints":{"allow":["GET"]}}],"collection":[{"href":"https:\/\/isd.neu.edu.vn\/en\/wp-json\/wp\/v2\/pages"}],"about":[{"href":"https:\/\/isd.neu.edu.vn\/en\/wp-json\/wp\/v2\/types\/page"}],"author":[{"embeddable":true,"href":"https:\/\/isd.neu.edu.vn\/en\/wp-json\/wp\/v2\/users\/1"}],"replies":[{"embeddable":true,"href":"https:\/\/isd.neu.edu.vn\/en\/wp-json\/wp\/v2\/comments?post=13471"}],"version-history":[{"count":50,"href":"https:\/\/isd.neu.edu.vn\/en\/wp-json\/wp\/v2\/pages\/13471\/revisions"}],"predecessor-version":[{"id":15077,"href":"https:\/\/isd.neu.edu.vn\/en\/wp-json\/wp\/v2\/pages\/13471\/revisions\/15077"}],"wp:attachment":[{"href":"https:\/\/isd.neu.edu.vn\/en\/wp-json\/wp\/v2\/media?parent=13471"}],"curies":[{"name":"wp","href":"https:\/\/api.w.org\/{rel}","templated":true}]}}