{"id":13460,"date":"2025-06-04T14:20:29","date_gmt":"2025-06-04T07:20:29","guid":{"rendered":"https:\/\/isd.neu.edu.vn\/?page_id=13460"},"modified":"2025-07-16T13:13:05","modified_gmt":"2025-07-16T06:13:05","slug":"the-ceo-academy-of-korea-vietnam","status":"publish","type":"page","link":"https:\/\/isd.neu.edu.vn\/en\/the-ceo-academy-of-korea-vietnam\/","title":{"rendered":"The CEO Academy of Korea &#038; Vietnam"},"content":{"rendered":"<div data-elementor-type=\"wp-page\" data-elementor-id=\"13460\" class=\"elementor elementor-13460\">\n\t\t\t\t<div class=\"elementor-element elementor-element-d28887e e-flex e-con-boxed rt-default-class e-con e-parent\" data-id=\"d28887e\" data-element_type=\"container\" data-settings=\"{&quot;background_background&quot;:&quot;classic&quot;}\">\n\t\t\t\t\t<div class=\"e-con-inner\">\n\t\t<div class=\"elementor-element elementor-element-89bcf25 e-con-full e-flex rt-default-class e-con e-child\" data-id=\"89bcf25\" data-element_type=\"container\">\n\t\t\t\t<div class=\"elementor-element elementor-element-fd49814 elementor-widget__width-initial rt-default-class elementor-widget elementor-widget-heading\" data-id=\"fd49814\" data-element_type=\"widget\" data-widget_type=\"heading.default\">\n\t\t\t\t<div class=\"elementor-widget-container\">\n\t\t\t\t\t<h1 class=\"elementor-heading-title elementor-size-default\"><a href=\"http:\/\/globalceoacademy.com\/\">The CEO Academy of Korea &amp; Vietnam<\/a><\/h1>\t\t\t\t<\/div>\n\t\t\t\t<\/div>\n\t\t\t\t<div class=\"elementor-element elementor-element-64ad142 elementor-widget__width-initial rt-default-class elementor-widget elementor-widget-text-editor\" data-id=\"64ad142\" data-element_type=\"widget\" data-widget_type=\"text-editor.default\">\n\t\t\t\t<div class=\"elementor-widget-container\">\n\t\t\t\t\t\t\t\t\t<p>L\u00e0 ch\u01b0\u01a1ng tr\u00ecnh qu\u1ea3n l\u00fd cao c\u1ea5p \u0111i\u1ec3n h\u00ecnh nh\u1eafm \u0111\u1ebfn c\u00e1c gi\u00e1m \u0111\u1ed1c \u0111i\u1ec1u h\u00e0nh H\u00e0n Qu\u1ed1c v\u00e0 Vi\u1ec7t Nam, c\u00f9ng c\u00e1c chuy\u00ean gia v\u00e0 quan ch\u1ee9c ch\u00ednh ph\u1ee7 l\u00e0 c\u00e1c nh\u00e2n t\u1ed1 ti\u1ec1m n\u0103ng, ch\u01b0\u01a1ng tr\u00ecnh Qu\u1ea3n l\u00fd \u0110i\u1ec1u h\u00e0nh Cao c\u1ea5p To\u00e0n c\u1ea7u \u0111ang theo \u0111u\u1ed5i vai tr\u00f2 tr\u1edf th\u00e0nh n\u1ec1n m\u00f3ng v\u1eefng ch\u1eafc cho s\u1ef1 h\u1ee3p t\u00e1c kinh t\u1ebf H\u00e0n Qu\u1ed1c &#8211; Vi\u1ec7t Nam.<\/p>\t\t\t\t\t\t\t\t<\/div>\n\t\t\t\t<\/div>\n\t\t\t\t<\/div>\n\t\t\t\t\t<\/div>\n\t\t\t\t<\/div>\n\t\t<div class=\"elementor-element elementor-element-71b487e e-flex e-con-boxed rt-default-class e-con e-parent\" data-id=\"71b487e\" data-element_type=\"container\">\n\t\t\t\t\t<div class=\"e-con-inner\">\n\t\t<div class=\"elementor-element elementor-element-36a4f74 e-con-full e-flex rt-default-class e-con e-child\" data-id=\"36a4f74\" data-element_type=\"container\">\n\t\t<div class=\"elementor-element elementor-element-b1e6dfe e-con-full e-flex rt-default-class e-con e-child\" data-id=\"b1e6dfe\" data-element_type=\"container\">\n\t\t\t\t<div class=\"elementor-element elementor-element-118947a rt-default-class elementor-widget elementor-widget-heading\" data-id=\"118947a\" data-element_type=\"widget\" data-widget_type=\"heading.default\">\n\t\t\t\t<div class=\"elementor-widget-container\">\n\t\t\t\t\t<h2 class=\"elementor-heading-title elementor-size-default\">Ch\u01b0\u01a1ng tr\u00ecnh Qu\u1ea3n l\u00fd \u0110i\u1ec1u h\u00e0nh Cao c\u1ea5p To\u00e0n c\u1ea7u kh\u00f3a 7<\/h2>\t\t\t\t<\/div>\n\t\t\t\t<\/div>\n\t\t\t\t<div class=\"elementor-element elementor-element-e2a88c8 rt-default-class elementor-widget elementor-widget-text-editor\" data-id=\"e2a88c8\" data-element_type=\"widget\" data-widget_type=\"text-editor.default\">\n\t\t\t\t<div class=\"elementor-widget-container\">\n\t\t\t\t\t\t\t\t\t<p>Global Ceo Academy n\u0103m th\u1ee9 7 \u0111\u00e3 ch\u00ednh th\u1ee9c \u0111\u01b0\u1ee3c kh\u1edfi \u0111\u1ed9ng. \u0110\u1ec3 n\u1eafm b\u1eaft nh\u1eefng th\u00f4ng tin quan tr\u1ecdng, k\u00ednh m\u1eddi anh\/ch\u1ecb tham kh\u1ea3o th\u00f4ng tin chi ti\u1ebft:<\/p>\t\t\t\t\t\t\t\t<\/div>\n\t\t\t\t<\/div>\n\t\t\t\t<div class=\"elementor-element elementor-element-66daa46 rt-default-class elementor-widget elementor-widget-image\" data-id=\"66daa46\" data-element_type=\"widget\" data-widget_type=\"image.default\">\n\t\t\t\t<div class=\"elementor-widget-container\">\n\t\t\t\t\t\t\t\t\t\t\t\t\t\t\t<img fetchpriority=\"high\" decoding=\"async\" width=\"640\" height=\"905\" src=\"https:\/\/isd.neu.edu.vn\/wp-content\/uploads\/2024\/07\/TA-CEO.png\" class=\"attachment-large size-large wp-image-15020\" alt=\"\" srcset=\"https:\/\/isd.neu.edu.vn\/wp-content\/uploads\/2024\/07\/TA-CEO.png 1587w, https:\/\/isd.neu.edu.vn\/wp-content\/uploads\/2024\/07\/TA-CEO-424x600.png 424w, https:\/\/isd.neu.edu.vn\/wp-content\/uploads\/2024\/07\/TA-CEO-1448x2048.png 1448w, https:\/\/isd.neu.edu.vn\/wp-content\/uploads\/2024\/07\/TA-CEO-768x1086.png 768w, https:\/\/isd.neu.edu.vn\/wp-content\/uploads\/2024\/07\/TA-CEO-1086x1536.png 1086w, https:\/\/isd.neu.edu.vn\/wp-content\/uploads\/2024\/07\/TA-CEO-8x12.png 8w\" sizes=\"(max-width: 640px) 100vw, 640px\" \/>\t\t\t\t\t\t\t\t\t\t\t\t\t\t\t<\/div>\n\t\t\t\t<\/div>\n\t\t\t\t<\/div>\n\t\t\t\t<div class=\"elementor-element elementor-element-5541879 elementor-widget-divider--view-line rt-default-class elementor-widget elementor-widget-divider\" data-id=\"5541879\" data-element_type=\"widget\" data-widget_type=\"divider.default\">\n\t\t\t\t<div class=\"elementor-widget-container\">\n\t\t\t\t\t\t\t<div class=\"elementor-divider\">\n\t\t\t<span class=\"elementor-divider-separator\">\n\t\t\t\t\t\t<\/span>\n\t\t<\/div>\n\t\t\t\t\t\t<\/div>\n\t\t\t\t<\/div>\n\t\t<div class=\"elementor-element elementor-element-64c5f3d e-con-full e-flex rt-default-class e-con e-child\" data-id=\"64c5f3d\" data-element_type=\"container\">\n\t\t\t\t<div class=\"elementor-element elementor-element-e1413e8 rt-default-class elementor-widget elementor-widget-heading\" data-id=\"e1413e8\" data-element_type=\"widget\" data-widget_type=\"heading.default\">\n\t\t\t\t<div class=\"elementor-widget-container\">\n\t\t\t\t\t<h2 class=\"elementor-heading-title elementor-size-default\">TH\u01af G\u1eecI C\u00c1C CEO<\/h2>\t\t\t\t<\/div>\n\t\t\t\t<\/div>\n\t\t\t\t<div class=\"elementor-element elementor-element-84aca80 rt-default-class elementor-widget elementor-widget-text-editor\" data-id=\"84aca80\" data-element_type=\"widget\" data-widget_type=\"text-editor.default\">\n\t\t\t\t<div class=\"elementor-widget-container\">\n\t\t\t\t\t\t\t\t\t<p><strong><em>Th\u00e2n g\u1eedi c\u00e1c CEO c\u00f9ng qu\u00fd v\u1ecb th\u00e2n m\u1ebfn,<\/em><\/strong><\/p><p><em>Nh\u01b0 qu\u00fd v\u1ecb \u0111\u00e3 bi\u1ebft, Ch\u01b0\u01a1ng tr\u00ecnh Qu\u1ea3n l\u00fd \u0110i\u1ec1u h\u00e0nh Cao c\u1ea5p To\u00e0n c\u1ea7u \u0111\u01b0\u1ee3c kh\u1edfi \u0111\u1ed9ng v\u00e0o n\u0103m 2014, cho \u0111\u1ebfn nay \u0111\u00e3 c\u00f3 kho\u1ea3ng 188 h\u1ecdc vi\u00ean t\u1ed1t nghi\u1ec7p sau 6 kh\u00f3a h\u1ecdc th\u00e0nh c\u00f4ng r\u1ef1c r\u1ee1. N\u1eb1m trong khu\u00f4n kh\u1ed5 h\u1ee3p t\u00e1c gi\u1eefa KOICA (C\u01a1 quan H\u1ee3p t\u00e1c Qu\u1ed1c t\u1ebf H\u00e0n Qu\u1ed1c) v\u00e0 Vi\u1ec7n Ph\u00e1t tri\u1ec3n B\u1ec1n v\u1eefng t\u1ea1i \u0110\u1ea1i h\u1ecdc Kinh t\u1ebf Qu\u1ed1c d\u00e2n, Ch\u01b0\u01a1ng tr\u00ecnh \u0111\u00e3, \u0111ang l\u00e0 s\u1ebd lu\u00f4n l\u00e0 m\u1ed9t trong nh\u1eefng m\u00f4 h\u00ecnh kh\u00f3a h\u1ecdc ti\u00ean ti\u1ebfn h\u1ea1ng 1 trong khu v\u1ef1c.<\/em><\/p><p><em>L\u00e0 ch\u01b0\u01a1ng tr\u00ecnh \u0111\u00e0o t\u1ea1o qu\u1ea3n l\u00fd c\u1ea5p cao h\u01b0\u1edbng \u0111\u1ebfn c\u00e1c gi\u00e1m \u0111\u1ed1c \u0111i\u1ec1u h\u00e0nh H\u00e0n Qu\u1ed1c v\u00e0 Vi\u1ec7t Nam, c\u00f9ng v\u1edbi c\u00e1c chuy\u00ean gia v\u00e0 quan ch\u1ee9c ch\u00ednh ph\u1ee7 l\u00e0 c\u00e1c nh\u00e2n t\u1ed1 ti\u1ec1m n\u0103ng. Ch\u01b0\u01a1ng tr\u00ecnh Qu\u1ea3n l\u00fd \u0110i\u1ec1u h\u00e0nh Cao c\u1ea5p To\u00e0n c\u1ea7u c\u00f3 m\u1ee5c ti\u00eau g\u00f3p ph\u1ea7n x\u00e2y d\u1ef1ng n\u1ec1n m\u00f3ng v\u1eefng ch\u1eafc cho s\u1ef1 h\u1ee3p t\u00e1c kinh t\u1ebf gi\u1eefa H\u00e0n Qu\u1ed1c v\u00e0 Vi\u1ec7t Nam.<\/em><\/p><p><em>Ch\u01b0\u01a1ng tr\u00ecnh kh\u00f4ng ch\u1ec9 l\u00e0 kho ki\u1ebfn th\u1ee9c s\u1ed1ng cho m\u1ecdi h\u1ecdc vi\u00ean m\u00e0 c\u00f2n l\u00e0 n\u01a1i k\u1ebft n\u1ed1i, mang \u0111\u1ebfn t\u00ecnh h\u1eefu ngh\u1ecb, ni\u1ec1m vui th\u00f4ng qua c\u00e1c b\u00e0i gi\u1ea3ng c\u00f3 gi\u00e1 tr\u1ecb thi\u1ebft th\u1ef1c t\u1eeb c\u00e1c gi\u1ea3ng vi\u00ean \u01b0u t\u00fa, nh\u1eefng chuy\u1ebfn \u0111i th\u1ef1c \u0111\u1ecba kh\u00e1c nhau bao g\u1ed3m c\u00e1c ho\u1ea1t \u0111\u1ed9ng kh\u00e1m ph\u00e1 l\u1ecbch s\u1eed, ngh\u1ec7 thu\u1eadt, CSR\u2026 Ch\u01b0\u01a1ng tr\u00ecnh ch\u00ednh l\u00e0 s\u00e2n ch\u01a1i tr\u00ed tu\u1ec7, l\u00e0 cu\u1ed9c g\u1eb7p g\u1ee1 \u0111\u1ea7y \u00fd ngh\u0129a mang \u0111\u1ebfn nh\u1eefng l\u1ee3i \u00edch thi\u1ebft th\u1ef1c, nh\u1eefng c\u01a1 h\u1ed9i kinh doanh c\u00f9ng ni\u1ec1m vui c\u1ee7a s\u1ef1 giao l\u01b0u, g\u1eafn k\u1ebft.<\/em><\/p><p><em>Ch\u01b0\u01a1ng tr\u00ecnh ch\u00ednh l\u00e0 ch\u00eca kh\u00f3a m\u1edf c\u00e1nh c\u1eeda \u0111\u1ebfn v\u1edbi th\u00e0nh c\u00f4ng c\u1ee7a b\u1ea1n.<\/em><\/p><p><em>Ch\u00fang t\u00f4i lu\u00f4n ch\u00e0o \u0111\u00f3n b\u1ea1n \u0111\u1ebfn v\u1edbi ch\u01b0\u01a1ng tr\u00ecnh!<\/em><\/p><p>Anh\/Ch\u1ecb quan t\u00e2m, vui l\u00f2ng \u0111\u0103ng k\u00fd theo \u0111\u01b0\u1eddng link:<\/p><p><strong><a href=\"https:\/\/forms.gle\/6UwJbYhyx356jsBn6\">https:\/\/forms.gle\/6UwJbYhyx356jsBn6<\/a><\/strong><\/p><p>\u00a0<\/p><p><strong>M\u1ecdi th\u00f4ng tin chi ti\u1ebft xin li\u00ean h\u1ec7:<\/strong><\/p><p><strong><em>\u0110\u1ea1<\/em><\/strong><strong><em>i h\u1ecdc Kinh t\u1ebf qu\u1ed1c d\u00e2n H\u00e0 N\u1ed9i<\/em><\/strong><\/p><p><strong><em>\u0110\u1ecb<\/em><\/strong><strong><em>a ch\u1ec9: Ph\u00f2ng 1501, To\u00e0 A1, S\u1ed1 207 Gi\u1ea3i Ph\u00f3ng, H\u00e0 N\u1ed9i, Vi\u1ec7t Nam<\/em><\/strong><\/p><p><strong><em>Phone:<\/em><\/strong><\/p><ul><li><strong><em>Gi\u00e1o s\u01b0 Haeja Park (Gi\u00e1m \u0111\u1ed1c Ch\u01b0\u01a1ng tr\u00ecnh) 0399 714 911, Email: <a href=\"mailto:haesaep@gmail.com\">haesaep@gmail.com<\/a><\/em><\/strong><\/li><li><strong><em>Donghyun Kim (Tr\u1ee3 l\u00fd Ch\u01b0\u01a1ng tr\u00ecnh) 098 123 9311, Email: <a href=\"mailto:zpos2222@gmail.com\">zpos2222@gmail.com<\/a><\/em><\/strong><\/li><\/ul><p><strong><em>Website: <a href=\"http:\/\/globalceoacademy.com\/\">http:\/\/globalceoacademy.com\/<\/a><\/em><\/strong><\/p><p><em>\u00a0<\/em><\/p>\t\t\t\t\t\t\t\t<\/div>\n\t\t\t\t<\/div>\n\t\t\t\t<\/div>\n\t\t\t\t<\/div>\n\t\t<div class=\"elementor-element elementor-element-7070f9d e-con-full e-flex rt-default-class e-con e-child\" data-id=\"7070f9d\" data-element_type=\"container\" data-settings=\"{&quot;background_background&quot;:&quot;classic&quot;}\">\n\t\t<div class=\"elementor-element elementor-element-f48a02b e-con-full e-flex rt-default-class e-con e-child\" data-id=\"f48a02b\" data-element_type=\"container\" data-settings=\"{&quot;background_background&quot;:&quot;classic&quot;}\">\n\t\t\t\t<div class=\"elementor-element elementor-element-4ba0d99 rt-default-class elementor-widget elementor-widget-heading\" data-id=\"4ba0d99\" data-element_type=\"widget\" data-widget_type=\"heading.default\">\n\t\t\t\t<div class=\"elementor-widget-container\">\n\t\t\t\t\t<div class=\"elementor-heading-title elementor-size-default\">Ch\u01b0\u01a1ng tr\u00ecnh li\u00ean quan<\/div>\t\t\t\t<\/div>\n\t\t\t\t<\/div>\n\t\t\t\t<div class=\"elementor-element elementor-element-cf7e70e elementor-align-justify elementor-widget__width-inherit rt-default-class elementor-widget elementor-widget-button\" data-id=\"cf7e70e\" data-element_type=\"widget\" data-widget_type=\"button.default\">\n\t\t\t\t<div class=\"elementor-widget-container\">\n\t\t\t\t\t\t\t\t\t<div class=\"elementor-button-wrapper\">\n\t\t\t\t\t<a class=\"elementor-button elementor-button-link elementor-size-sm\" href=\"\/en\/thac-sy-nghien-cuu-quan-ly\/\">\n\t\t\t\t\t\t<span class=\"elementor-button-content-wrapper\">\n\t\t\t\t\t\t<span class=\"elementor-button-icon\">\n\t\t\t\t<i aria-hidden=\"true\" class=\"rt rt-arrow-right\"><\/i>\t\t\t<\/span>\n\t\t\t\t\t\t\t\t\t<span class=\"elementor-button-text\">Master of Research in Management<\/span>\n\t\t\t\t\t<\/span>\n\t\t\t\t\t<\/a>\n\t\t\t\t<\/div>\n\t\t\t\t\t\t\t\t<\/div>\n\t\t\t\t<\/div>\n\t\t\t\t<div class=\"elementor-element elementor-element-31b2796 elementor-align-justify elementor-widget__width-inherit rt-default-class elementor-widget elementor-widget-button\" data-id=\"31b2796\" data-element_type=\"widget\" data-widget_type=\"button.default\">\n\t\t\t\t<div class=\"elementor-widget-container\">\n\t\t\t\t\t\t\t\t\t<div class=\"elementor-button-wrapper\">\n\t\t\t\t\t<a class=\"elementor-button elementor-button-link elementor-size-sm\" href=\"\/en\/thac-sy-nghien-cuu\/\">\n\t\t\t\t\t\t<span class=\"elementor-button-content-wrapper\">\n\t\t\t\t\t\t<span class=\"elementor-button-icon\">\n\t\t\t\t<i aria-hidden=\"true\" class=\"rt rt-arrow-right\"><\/i>\t\t\t<\/span>\n\t\t\t\t\t\t\t\t\t<span class=\"elementor-button-text\">Master of Research<\/span>\n\t\t\t\t\t<\/span>\n\t\t\t\t\t<\/a>\n\t\t\t\t<\/div>\n\t\t\t\t\t\t\t\t<\/div>\n\t\t\t\t<\/div>\n\t\t\t\t<div class=\"elementor-element elementor-element-1b3727c elementor-align-justify elementor-widget__width-inherit rt-default-class elementor-widget elementor-widget-button\" data-id=\"1b3727c\" data-element_type=\"widget\" data-widget_type=\"button.default\">\n\t\t\t\t<div class=\"elementor-widget-container\">\n\t\t\t\t\t\t\t\t\t<div class=\"elementor-button-wrapper\">\n\t\t\t\t\t<a class=\"elementor-button elementor-button-link elementor-size-sm\" href=\"\/en\/dao-tao-ngan-han\/\">\n\t\t\t\t\t\t<span class=\"elementor-button-content-wrapper\">\n\t\t\t\t\t\t<span class=\"elementor-button-icon\">\n\t\t\t\t<i aria-hidden=\"true\" class=\"rt rt-arrow-right\"><\/i>\t\t\t<\/span>\n\t\t\t\t\t\t\t\t\t<span class=\"elementor-button-text\">Short-term Courses<\/span>\n\t\t\t\t\t<\/span>\n\t\t\t\t\t<\/a>\n\t\t\t\t<\/div>\n\t\t\t\t\t\t\t\t<\/div>\n\t\t\t\t<\/div>\n\t\t\t\t<div class=\"elementor-element elementor-element-bdb1952 elementor-align-justify elementor-widget__width-inherit rt-default-class elementor-widget elementor-widget-button\" data-id=\"bdb1952\" data-element_type=\"widget\" data-widget_type=\"button.default\">\n\t\t\t\t<div class=\"elementor-widget-container\">\n\t\t\t\t\t\t\t\t\t<div class=\"elementor-button-wrapper\">\n\t\t\t\t\t<a class=\"elementor-button elementor-button-link elementor-size-sm\" href=\"\/en\/e-phd\/\">\n\t\t\t\t\t\t<span class=\"elementor-button-content-wrapper\">\n\t\t\t\t\t\t<span class=\"elementor-button-icon\">\n\t\t\t\t<i aria-hidden=\"true\" class=\"rt rt-arrow-right\"><\/i>\t\t\t<\/span>\n\t\t\t\t\t\t\t\t\t<span class=\"elementor-button-text\">E-PhD Program<\/span>\n\t\t\t\t\t<\/span>\n\t\t\t\t\t<\/a>\n\t\t\t\t<\/div>\n\t\t\t\t\t\t\t\t<\/div>\n\t\t\t\t<\/div>\n\t\t\t\t<\/div>\n\t\t<div class=\"elementor-element elementor-element-8ad7378 e-con-full rt-primary-color e-flex e-con e-child\" data-id=\"8ad7378\" data-element_type=\"container\" data-settings=\"{&quot;background_background&quot;:&quot;classic&quot;}\">\n\t\t<div class=\"elementor-element elementor-element-c4fc332 e-con-full e-flex rt-default-class e-con e-child\" data-id=\"c4fc332\" data-element_type=\"container\">\n\t\t\t\t<div class=\"elementor-element elementor-element-d60a9eb rt-default-class elementor-widget elementor-widget-image\" data-id=\"d60a9eb\" data-element_type=\"widget\" data-widget_type=\"image.default\">\n\t\t\t\t<div class=\"elementor-widget-container\">\n\t\t\t\t\t\t\t\t\t\t\t\t\t\t\t<img decoding=\"async\" width=\"328\" height=\"76\" src=\"https:\/\/isd.neu.edu.vn\/wp-content\/uploads\/2024\/09\/logo-text-2.png\" class=\"attachment-large size-large wp-image-14342\" alt=\"\" \/>\t\t\t\t\t\t\t\t\t\t\t\t\t\t\t<\/div>\n\t\t\t\t<\/div>\n\t\t\t\t<div class=\"elementor-element elementor-element-70fdbf0 rt-default-class elementor-widget elementor-widget-heading\" data-id=\"70fdbf0\" data-element_type=\"widget\" data-widget_type=\"heading.default\">\n\t\t\t\t<div class=\"elementor-widget-container\">\n\t\t\t\t\t<div class=\"elementor-heading-title elementor-size-default\">Contact info:<\/div>\t\t\t\t<\/div>\n\t\t\t\t<\/div>\n\t\t\t\t<div class=\"elementor-element elementor-element-ede4e96 rt-default-class elementor-widget elementor-widget-text-editor\" data-id=\"ede4e96\" data-element_type=\"widget\" data-widget_type=\"text-editor.default\">\n\t\t\t\t<div class=\"elementor-widget-container\">\n\t\t\t\t\t\t\t\t\t<ul><li>\u0110\u1ecba ch\u1ec9: Ph\u00f2ng 1503, Nh\u00e0 A1, \u0110\u1ea1i h\u1ecdc Kinh t\u1ebf Qu\u1ed1c d\u00e2n, 207 Gi\u1ea3i Ph\u00f3ng, H\u00e0 N\u1ed9i<\/li><li>Phone: (84) 024.36280280, ext. 6550; 6551<\/li><li>Email: isd@neu.edu.vn<\/li><\/ul>\t\t\t\t\t\t\t\t<\/div>\n\t\t\t\t<\/div>\n\t\t\t\t<\/div>\n\t\t\t\t<\/div>\n\t\t\t\t<\/div>\n\t\t\t\t\t<\/div>\n\t\t\t\t<\/div>\n\t\t\t\t<\/div>","protected":false},"excerpt":{"rendered":"<p>The CEO Academy of Korea &amp; Vietnam L\u00e0 ch\u01b0\u01a1ng tr\u00ecnh qu\u1ea3n l\u00fd cao c\u1ea5p \u0111i\u1ec3n h\u00ecnh nh\u1eafm \u0111\u1ebfn c\u00e1c gi\u00e1m \u0111\u1ed1c \u0111i\u1ec1u h\u00e0nh H\u00e0n Qu\u1ed1c v\u00e0 Vi\u1ec7t Nam, c\u00f9ng c\u00e1c chuy\u00ean gia v\u00e0 quan ch\u1ee9c ch\u00ednh ph\u1ee7 l\u00e0 c\u00e1c nh\u00e2n t\u1ed1 ti\u1ec1m n\u0103ng, ch\u01b0\u01a1ng tr\u00ecnh Qu\u1ea3n l\u00fd \u0110i\u1ec1u h\u00e0nh Cao c\u1ea5p To\u00e0n c\u1ea7u \u0111ang theo&#8230;<\/p>","protected":false},"author":1,"featured_media":0,"parent":0,"menu_order":0,"comment_status":"closed","ping_status":"closed","template":"elementor_header_footer","meta":{"footnotes":""},"class_list":["post-13460","page","type-page","status-publish","hentry"],"_links":{"self":[{"href":"https:\/\/isd.neu.edu.vn\/en\/wp-json\/wp\/v2\/pages\/13460","targetHints":{"allow":["GET"]}}],"collection":[{"href":"https:\/\/isd.neu.edu.vn\/en\/wp-json\/wp\/v2\/pages"}],"about":[{"href":"https:\/\/isd.neu.edu.vn\/en\/wp-json\/wp\/v2\/types\/page"}],"author":[{"embeddable":true,"href":"https:\/\/isd.neu.edu.vn\/en\/wp-json\/wp\/v2\/users\/1"}],"replies":[{"embeddable":true,"href":"https:\/\/isd.neu.edu.vn\/en\/wp-json\/wp\/v2\/comments?post=13460"}],"version-history":[{"count":77,"href":"https:\/\/isd.neu.edu.vn\/en\/wp-json\/wp\/v2\/pages\/13460\/revisions"}],"predecessor-version":[{"id":15301,"href":"https:\/\/isd.neu.edu.vn\/en\/wp-json\/wp\/v2\/pages\/13460\/revisions\/15301"}],"wp:attachment":[{"href":"https:\/\/isd.neu.edu.vn\/en\/wp-json\/wp\/v2\/media?parent=13460"}],"curies":[{"name":"wp","href":"https:\/\/api.w.org\/{rel}","templated":true}]}}